{"id":22667,"date":"2024-09-16T07:10:02","date_gmt":"2024-09-16T05:10:02","guid":{"rendered":"https:\/\/bbn.uksw.edu.pl\/?page_id=22667"},"modified":"2025-12-04T09:34:10","modified_gmt":"2025-12-04T08:34:10","slug":"instrukcje","status":"publish","type":"page","link":"https:\/\/nauka.uksw.edu.pl\/instrukcje\/","title":{"rendered":"Instrukcje"},"content":{"rendered":"\n<p>Dokumenty pomocne przy obs\u0142udze bada\u0144 naukowych.<\/p>\n\n\n\n<h2 class=\"wp-block-heading\">Obs\u0142uga Elektronicznego Zarz\u0105dzania Dokumentacj\u0105 (EZD) przy sk\u0142adaniu wniosk\u00f3w na wewn\u0119trzne badania naukowe<\/h2>\n\n\n\n<ul class=\"wp-block-list\">\n<li><a href=\"https:\/\/bbn.uksw.edu.pl\/wp-content\/uploads\/sites\/14\/2024\/09\/Schemat_wnioski_badania.pdf\">Schemat &#8211; wniosek na badania<\/a>;<\/li>\n\n\n\n<li><a href=\"https:\/\/bbn.uksw.edu.pl\/wp-content\/uploads\/sites\/14\/2024\/09\/Schemat_wnioski_-badania_i_aparatura.pdf\">Schemat &#8211; wniosek na badania z zakupem aparatury naukowo-badawczej<\/a>;<\/li>\n\n\n\n<li><a href=\"https:\/\/bbn.uksw.edu.pl\/wp-content\/uploads\/sites\/14\/2024\/09\/Schemat_wnioski_czasopisma.pdf\">Schemat &#8211; wniosek na finansowanie wydawania czasopisma naukowego<\/a>; <\/li>\n\n\n\n<li><a href=\"https:\/\/bbn.uksw.edu.pl\/wp-content\/uploads\/sites\/14\/2024\/09\/Schemat_wnioski_konferencja.pdf\">Schemat &#8211; wniosek na organizacj\u0119 konferencji naukowej<\/a>;<\/li>\n\n\n\n<li><a href=\"https:\/\/bbn.uksw.edu.pl\/wp-content\/uploads\/sites\/14\/2024\/09\/Schemat_wnioski_publikacje.pdf\">Schemat &#8211; wniosek na wydanie publikacji naukowej<\/a>.<\/li>\n<\/ul>\n\n\n\n<p><\/p>\n","protected":false},"excerpt":{"rendered":"<p>Dokumenty pomocne przy obs\u0142udze bada\u0144 naukowych. Obs\u0142uga Elektronicznego Zarz\u0105dzania Dokumentacj\u0105 (EZD) przy sk\u0142adaniu wniosk\u00f3w na wewn\u0119trzne badania naukowe<\/p>\n","protected":false},"author":26,"featured_media":23289,"parent":0,"menu_order":0,"comment_status":"closed","ping_status":"closed","template":"page-templates\/template-sub-page.php","meta":{"_acf_changed":false,"inline_featured_image":false,"footnotes":"","_links_to":"","_links_to_target":""},"class_list":["post-22667","page","type-page","status-publish","has-post-thumbnail","hentry"],"acf":[],"_links":{"self":[{"href":"https:\/\/nauka.uksw.edu.pl\/pl\/wp-json\/wp\/v2\/pages\/22667","targetHints":{"allow":["GET"]}}],"collection":[{"href":"https:\/\/nauka.uksw.edu.pl\/pl\/wp-json\/wp\/v2\/pages"}],"about":[{"href":"https:\/\/nauka.uksw.edu.pl\/pl\/wp-json\/wp\/v2\/types\/page"}],"author":[{"embeddable":true,"href":"https:\/\/nauka.uksw.edu.pl\/pl\/wp-json\/wp\/v2\/users\/26"}],"replies":[{"embeddable":true,"href":"https:\/\/nauka.uksw.edu.pl\/pl\/wp-json\/wp\/v2\/comments?post=22667"}],"version-history":[{"count":6,"href":"https:\/\/nauka.uksw.edu.pl\/pl\/wp-json\/wp\/v2\/pages\/22667\/revisions"}],"predecessor-version":[{"id":23294,"href":"https:\/\/nauka.uksw.edu.pl\/pl\/wp-json\/wp\/v2\/pages\/22667\/revisions\/23294"}],"wp:featuredmedia":[{"embeddable":true,"href":"https:\/\/nauka.uksw.edu.pl\/pl\/wp-json\/wp\/v2\/media\/23289"}],"wp:attachment":[{"href":"https:\/\/nauka.uksw.edu.pl\/pl\/wp-json\/wp\/v2\/media?parent=22667"}],"curies":[{"name":"wp","href":"https:\/\/api.w.org\/{rel}","templated":true}]}}