{"id":23166,"date":"2025-10-22T09:52:01","date_gmt":"2025-10-22T07:52:01","guid":{"rendered":"https:\/\/nauka.uksw.edu.pl\/?page_id=23166"},"modified":"2026-02-25T06:30:27","modified_gmt":"2026-02-25T05:30:27","slug":"postepowania-awansowe","status":"publish","type":"page","link":"https:\/\/nauka.uksw.edu.pl\/postepowania-awansowe\/","title":{"rendered":"Post\u0119powania awansowe"},"content":{"rendered":"\n<p>Poni\u017cej znajd\u0105 Pa\u0144stwo materia\u0142y szkoleniowe Rady Doskona\u0142o\u015bci Naukowej dotycz\u0105ce post\u0119powa\u0144 awansowych (doktorat, habilitacja, profesura) w \u015bwietle dotychczasowych do\u015bwiadcze\u0144. Praktyka organ\u00f3w I i II instancji.<\/p>\n\n\n\n<p>Zach\u0119camy tak\u017ce do korzystania z <a href=\"https:\/\/www.rdn.gov.pl\/dobre-praktyki.html\">poradnik\u00f3w z dobrymi praktykami, kt\u00f3re dost\u0119pne s\u0105 na stronach internetowych RDN<\/a>.<\/p>\n\n\n\n<p>Podstawowe zasady nadawania stopni i tytu\u0142\u00f3w naukowych reguluje <a href=\"https:\/\/isap.sejm.gov.pl\/isap.nsf\/DocDetails.xsp?id=WDU20180001668\">Ustawa z dnia 20 lipca 2018 r. &#8211; Prawo o szkolnictwie wy\u017cszym i nauce<\/a>:<\/p>\n\n\n\n<ul class=\"wp-block-list\">\n<li>Nadawanie stopnia doktora &#8211; artyku\u0142y od 185. do 197.<\/li>\n\n\n\n<li>Nadawanie stopnia doktora habilitowanego &#8211; artyku\u0142y od 218. do 226a.<\/li>\n\n\n\n<li>Nadawanie tytu\u0142y profesora &#8211; artyku\u0142y od 227. do 231.<\/li>\n<\/ul>\n\n\n\n<p>W Uniwersytecie Kardyna\u0142a Stefana Wyszy\u0144skiego w Warszawie post\u0119powania awansowe reguluj\u0105 nast\u0119puj\u0105ce dokumenty:<\/p>\n\n\n\n<ul class=\"wp-block-list\">\n<li><a href=\"https:\/\/monitor.uksw.edu.pl\/docs\/8144\">Uchwa\u0142a Nr 3\/2025 Senatu Uniwersytetu Kardyna\u0142a Stefana Wyszy\u0144skiego w Warszawie z dnia 30 stycznia 2025 r. w sprawie post\u0119powania o nadanie stopnia doktora w Uniwersytecie Kardyna\u0142a Stefana Wyszy\u0144skiego w Warszawie<\/a><\/li>\n\n\n\n<li><a href=\"https:\/\/nauka.uksw.edu.pl\/wp-content\/uploads\/sites\/14\/2025\/03\/2025-03-19-Komunikat-doktoryzowanie.pdf\">KOMUNIKAT nr&nbsp;1\/2025 Prorektora ds.&nbsp;Nauki i&nbsp;Wsp\u00f3\u0142pracy Mi\u0119dzynarodowej z&nbsp;dnia 19 marca 2025&nbsp;r. w&nbsp;sprawie stosowania w\u0142a\u015bciwych zasad do&nbsp;post\u0119powania o&nbsp;nadanie stopnia doktora<\/a>;<\/li>\n\n\n\n<li><a href=\"https:\/\/nauka.uksw.edu.pl\/wp-content\/uploads\/sites\/14\/2025\/06\/2025-06-25-Komunikat-doktoryzowanie.pdf\">KOMUNIKAT nr&nbsp;2\/2025 Prorektora ds.&nbsp;Nauki i&nbsp;Wsp\u00f3\u0142pracy Mi\u0119dzynarodowej z&nbsp;dnia 25 czerwca 2025&nbsp;r. w&nbsp;sprawie stosowania w\u0142a\u015bciwych zasad do&nbsp;post\u0119powania o&nbsp;nadanie stopnia doktora<\/a>;<\/li>\n\n\n\n<li><a href=\"https:\/\/monitor.uksw.edu.pl\/docs\/6818\">Uchwa\u0142a Nr 200\/2019 Senatu Uniwersytetu Kardyna\u0142a Stefana Wyszy\u0144skiego w Warszawie z dnia 23 pa\u017adziernika 2019 r. w sprawie sposobu post\u0119powania o nadanie stopnia doktora habilitowanego w Uniwersytecie Kardyna\u0142a Stefana Wyszy\u0144skiego w Warszawie<\/a>;<\/li>\n\n\n\n<li><a href=\"https:\/\/nauka.uksw.edu.pl\/wp-content\/uploads\/sites\/14\/2024\/11\/2024-09-11-Komunikat-habilitacja.pdf\">KOMUNIKAT nr&nbsp;1 Prorektora ds.&nbsp;Nauki i&nbsp;Wsp\u00f3\u0142pracy Mi\u0119dzynarodowej z&nbsp;dnia 11 wrze\u015bnia 2024&nbsp;r. &nbsp;w&nbsp;sprawie stosowania w\u0142a\u015bciwych przepis\u00f3w do&nbsp;post\u0119powania o&nbsp;nadanie stopnia doktora habilitowanego<\/a>.<\/li>\n<\/ul>\n\n\n\n<p class=\"has-text-align-center\"><strong>Szkolenie z dnia 20 pa\u017adziernika 2025 r.<\/strong> <\/p>\n\n\n\n<figure class=\"wp-block-embed is-type-video is-provider-youtube wp-block-embed-youtube wp-embed-aspect-16-9 wp-has-aspect-ratio\"><div class=\"wp-block-embed__wrapper\">\n<iframe loading=\"lazy\" title=\"Konferencja Rady Doskona\u0142o\u015bci Naukowej oraz Uniwersytetu Gda\u0144skiego\" width=\"640\" height=\"360\" src=\"https:\/\/www.youtube.com\/embed\/cr12jwWCCgU?feature=oembed\" frameborder=\"0\" allow=\"accelerometer; autoplay; clipboard-write; encrypted-media; gyroscope; picture-in-picture; web-share\" referrerpolicy=\"strict-origin-when-cross-origin\" allowfullscreen><\/iframe>\n<\/div><\/figure>\n\n\n\n<p class=\"has-text-align-center\"><strong>Szkolenie z dnia 16 czerwca 2025 r<\/strong>.<\/p>\n\n\n\n<figure class=\"wp-block-embed is-type-video is-provider-youtube wp-block-embed-youtube wp-embed-aspect-16-9 wp-has-aspect-ratio\"><div class=\"wp-block-embed__wrapper\">\n<iframe loading=\"lazy\" title=\"Post\u0119powania awansowe w \u015bwietle dotychczasowych do\u015bwiadcze\u0144. Praktyka organ\u00f3w I i II instancji\" width=\"640\" height=\"360\" src=\"https:\/\/www.youtube.com\/embed\/-iRHgbQh2jo?feature=oembed\" frameborder=\"0\" allow=\"accelerometer; autoplay; clipboard-write; encrypted-media; gyroscope; picture-in-picture; web-share\" referrerpolicy=\"strict-origin-when-cross-origin\" allowfullscreen><\/iframe>\n<\/div><\/figure>\n\n\n\n<p class=\"has-text-align-center\"><strong>Szkolenie z dnia 21 pa\u017adziernika 2024 r.<\/strong><\/p>\n\n\n\n<figure class=\"wp-block-embed is-type-video is-provider-youtube wp-block-embed-youtube wp-embed-aspect-16-9 wp-has-aspect-ratio\"><div class=\"wp-block-embed__wrapper\">\n<iframe loading=\"lazy\" title=\"Post\u0119powania awansowe w \u015bwietle dotychczasowych do\u015bwiadcze\u0144. Praktyka organ\u00f3w I i II instancji\" width=\"640\" height=\"360\" src=\"https:\/\/www.youtube.com\/embed\/Gb-HlU48HQI?feature=oembed\" frameborder=\"0\" allow=\"accelerometer; autoplay; clipboard-write; encrypted-media; gyroscope; picture-in-picture; web-share\" referrerpolicy=\"strict-origin-when-cross-origin\" allowfullscreen><\/iframe>\n<\/div><\/figure>\n","protected":false},"excerpt":{"rendered":"<p>Poni\u017cej znajd\u0105 Pa\u0144stwo materia\u0142y szkoleniowe Rady Doskona\u0142o\u015bci Naukowej dotycz\u0105ce post\u0119powa\u0144 awansowych (doktorat, habilitacja, profesura) w \u015bwietle dotychczasowych do\u015bwiadcze\u0144. Praktyka organ\u00f3w I i II instancji. Zach\u0119camy tak\u017ce do korzystania z poradnik\u00f3w z dobrymi praktykami, kt\u00f3re dost\u0119pne s\u0105 na stronach internetowych RDN. Podstawowe zasady nadawania stopni i tytu\u0142\u00f3w naukowych reguluje Ustawa z dnia 20 lipca 2018 r. [&hellip;]<\/p>\n","protected":false},"author":26,"featured_media":22190,"parent":0,"menu_order":0,"comment_status":"closed","ping_status":"closed","template":"page-templates\/template-sub-page.php","meta":{"_acf_changed":false,"inline_featured_image":false,"footnotes":"","_links_to":"","_links_to_target":""},"class_list":["post-23166","page","type-page","status-publish","has-post-thumbnail","hentry"],"acf":[],"_links":{"self":[{"href":"https:\/\/nauka.uksw.edu.pl\/pl\/wp-json\/wp\/v2\/pages\/23166","targetHints":{"allow":["GET"]}}],"collection":[{"href":"https:\/\/nauka.uksw.edu.pl\/pl\/wp-json\/wp\/v2\/pages"}],"about":[{"href":"https:\/\/nauka.uksw.edu.pl\/pl\/wp-json\/wp\/v2\/types\/page"}],"author":[{"embeddable":true,"href":"https:\/\/nauka.uksw.edu.pl\/pl\/wp-json\/wp\/v2\/users\/26"}],"replies":[{"embeddable":true,"href":"https:\/\/nauka.uksw.edu.pl\/pl\/wp-json\/wp\/v2\/comments?post=23166"}],"version-history":[{"count":9,"href":"https:\/\/nauka.uksw.edu.pl\/pl\/wp-json\/wp\/v2\/pages\/23166\/revisions"}],"predecessor-version":[{"id":23383,"href":"https:\/\/nauka.uksw.edu.pl\/pl\/wp-json\/wp\/v2\/pages\/23166\/revisions\/23383"}],"wp:featuredmedia":[{"embeddable":true,"href":"https:\/\/nauka.uksw.edu.pl\/pl\/wp-json\/wp\/v2\/media\/22190"}],"wp:attachment":[{"href":"https:\/\/nauka.uksw.edu.pl\/pl\/wp-json\/wp\/v2\/media?parent=23166"}],"curies":[{"name":"wp","href":"https:\/\/api.w.org\/{rel}","templated":true}]}}