{"id":23220,"date":"2025-11-26T07:30:08","date_gmt":"2025-11-26T06:30:08","guid":{"rendered":"https:\/\/nauka.uksw.edu.pl\/?page_id=23220"},"modified":"2026-01-22T10:05:27","modified_gmt":"2026-01-22T09:05:27","slug":"zasady-realizacji-stazy-naukowych","status":"publish","type":"page","link":"https:\/\/nauka.uksw.edu.pl\/zasady-realizacji-stazy-naukowych\/","title":{"rendered":"Zasady realizacji sta\u017cy naukowych"},"content":{"rendered":"\n<p>Zasady realizacji sta\u017cy naukowych przez Pracownik\u00f3w i Doktorant\u00f3w Uniwersytetu Kardyna\u0142a Stefana Wyszy\u0144skiego w Warszawie oraz zasady realizacji sta\u017cy naukowych w UKSW reguluje <a href=\"https:\/\/monitor.uksw.edu.pl\/docs\/8523\">Zarz\u0105dzenie Nr 76\/2025 Rektora Uniwersytetu Kardyna\u0142a Stefana Wyszy\u0144skiego w Warszawie z dnia 21 listopada 2025 w sprawie Regulaminu sta\u017cy naukowych<\/a>. <\/p>\n\n\n\n<p>UKSW prowadzi zar\u00f3wno rejestr sta\u017cy naukowych realizowanych przez Pracownik\u00f3w i Doktorant\u00f3w UKSW oraz sta\u017cy naukowych w UKSW. Poni\u017cej znajd\u0105 Pa\u0144stwo linki do zg\u0142oszenia sta\u017cu do rejestru. Za wprowadzenie sta\u017cu do rejestru odpowiada Pracownik lub Doktorant UKSW (w przypadku sta\u017cy wyjazdowych z UKSW) lub Opiekun sta\u017cu (w przypadku sta\u017cy realizowanych w UKSW). <\/p>\n\n\n\n<ul class=\"wp-block-list\">\n<li><a href=\"https:\/\/forms.office.com\/e\/Sh8UWN8Wnv\">Zg\u0142oszenie sta\u017cu naukowego realizowanego przez Pracownika lub Doktoranta UKSW<\/a>;<\/li>\n\n\n\n<li><a href=\"https:\/\/forms.office.com\/e\/FWxVGfasaH\">Zg\u0142oszenie sta\u017cu naukowego realizowanego w UKSW<\/a>.<\/li>\n<\/ul>\n\n\n\n<p>Wykaz jednostek naukowych, z kt\u00f3rymi UKSW ma podpisane umowy o wsp\u00f3\u0142pracy:<\/p>\n\n\n\n<ul class=\"wp-block-list\">\n<li><a href=\"https:\/\/office365uksw-my.sharepoint.com\/:x:\/g\/personal\/d-1853_uksw_edu_pl\/IQCaCZjlUXeVRZREzAo5-7TjAVRhU-uIpnPxLRqo4q5RkWA?e=0Tw76y\">wykaz instytucji zagranicznych<\/a>;<\/li>\n\n\n\n<li><a href=\"https:\/\/office365uksw-my.sharepoint.com\/:x:\/g\/personal\/d-1853_uksw_edu_pl\/IQDYjEK8F__yQp28DX5LO5ykAX0J4RYHzC9Ep72ElfGosuA?e=6jnZzj\">wykaz instytucji krajowych<\/a>.<\/li>\n<\/ul>\n\n\n\n<p>Poni\u017cej znajd\u0105 Pa\u0144stwo pe\u0142n\u0105 tre\u015b\u0107 Zarz\u0105dzenia Nr 76\/\/2025 oraz za\u0142\u0105cznik\u00f3w do niego:<\/p>\n\n\n\n<ul class=\"wp-block-list\">\n<li><a href=\"https:\/\/monitor.uksw.edu.pl\/docs\/download\/085c115c90b2f39cf72a23cd964b8a59\">Zarz\u0105dzenie Nr 76\/2025 Rektora Uniwersytetu Kardyna\u0142a Stefana Wyszy\u0144skiego w Warszawie z dnia 21 listopada 2025 w sprawie Regulaminu sta\u017cy naukowych<\/a>;<\/li>\n\n\n\n<li><a href=\"https:\/\/monitor.uksw.edu.pl\/docs\/download\/c1db6ab120e9f2a18fc791abf4180cf8\">Za\u0142\u0105cznik Nr 1.1. &#8211; Wniosek\u00a0pracownika\/doktoranta\u00a0UKSW o\u00a0sta\u017c\u00a0naukowy\u00a0krajowy<\/a>; <a href=\"https:\/\/nauka.uksw.edu.pl\/wp-content\/uploads\/sites\/14\/2025\/11\/zal_1_1_WNIOSEK-PRACOWNIKA.docx\"><strong>wersja edytowalna<\/strong><\/a>;<\/li>\n\n\n\n<li><a href=\"https:\/\/monitor.uksw.edu.pl\/docs\/download\/57d5197ae9796b0f61991315d6fa44e8\">Za\u0142\u0105cznik Nr 1.2. &#8211; Wniosek\u00a0pracownika\/doktoranta\u00a0UKSW o\u00a0sta\u017c\u00a0naukowy\u00a0zagraniczny<\/a>; <a href=\"https:\/\/nauka.uksw.edu.pl\/wp-content\/uploads\/sites\/14\/2025\/11\/zal_1_2_WNIOSEK-PRACOWNIKA.docx\"><strong>wersja edytowalna<\/strong><\/a>;<\/li>\n\n\n\n<li><a href=\"https:\/\/monitor.uksw.edu.pl\/docs\/download\/e725446b993db6ccdd2804ec792d8403\">Za\u0142\u0105cznik Nr 2.1. &#8211; Zgoda jednostki przyjmuj\u0105cej pracownika\/doktoranta UKSW na sta\u017c krajowy<\/a>; <a href=\"https:\/\/nauka.uksw.edu.pl\/wp-content\/uploads\/sites\/14\/2025\/11\/zal_2_1_ZGODA-JEDNOSTKI-PRZYJMUJACEJ-PRACOWNIKA.docx\"><strong>wersja edytowalna<\/strong><\/a>;<\/li>\n\n\n\n<li><a href=\"https:\/\/monitor.uksw.edu.pl\/docs\/download\/766f54e46ff2b7bc05c9b0b9aeebb44d\">Za\u0142\u0105cznik Nr 2.2. &#8211; Zgoda jednostki przyjmuj\u0105cej pracownika\/doktoranta UKSW na sta\u017c zagraniczny<\/a>; <a href=\"https:\/\/nauka.uksw.edu.pl\/wp-content\/uploads\/sites\/14\/2025\/11\/zal_2_2_ZGODA-JEDNOSTKI-PRZYJMUJACEJ-PRACOWNIKA.docx\"><strong>wersja edytowalna<\/strong><\/a>;<\/li>\n\n\n\n<li><a href=\"https:\/\/monitor.uksw.edu.pl\/docs\/download\/b3d22240dab469d8c1840bfbbfae374d\">Za\u0142\u0105cznik Nr 3.1. &#8211; Skierowanie na sta\u017c krajowy pracownika\/doktoranta UKSW<\/a>; <a href=\"https:\/\/nauka.uksw.edu.pl\/wp-content\/uploads\/sites\/14\/2025\/11\/zal_3_1_SKIEROWANIE-NA-STAZ-KRAJOWY-PRACOWNIKA.docx\"><strong>wersja edytowalna<\/strong><\/a>;<\/li>\n\n\n\n<li><a href=\"https:\/\/monitor.uksw.edu.pl\/docs\/download\/66eb24f62b8b479760c3cd3739eddfb2\">Za\u0142\u0105cznik Nr 3.2. &#8211; Skierowanie na sta\u017c zagraniczny pracownika\/doktoranta UKSW<\/a>; <a href=\"https:\/\/nauka.uksw.edu.pl\/wp-content\/uploads\/sites\/14\/2025\/11\/zal_3_2_SKIEROWANIE-NA-STAZ-ZAGRANICZNY-PRACOWNIKA.docx\"><strong>wersja edytowalna<\/strong><\/a>;<\/li>\n\n\n\n<li><a href=\"https:\/\/monitor.uksw.edu.pl\/docs\/download\/439cfd9d93204e558b20f31927c52de0\">Za\u0142\u0105cznik Nr 4 &#8211; Porozumienie \u00a0indywidualne w sprawie organizacji sta\u017cu<\/a>; <a href=\"https:\/\/nauka.uksw.edu.pl\/wp-content\/uploads\/sites\/14\/2025\/11\/zal_4_POROZUMIENIE-INDYWIDUALNE.docx\"><strong>wersja edytowalna<\/strong><\/a>;<\/li>\n\n\n\n<li><a href=\"https:\/\/monitor.uksw.edu.pl\/docs\/download\/1db4122ed9b76fc6ec5695e1145c733b\">Za\u0142\u0105cznik Nr 5 &#8211; Sprawozdanie z realizacji sta\u017cu<\/a>; <a href=\"https:\/\/nauka.uksw.edu.pl\/wp-content\/uploads\/sites\/14\/2025\/11\/zal_5_SPRAWOZDANIE-Z-REALIZACJI-STAZU.docx\"><strong>wersja edytowalna<\/strong><\/a>;<\/li>\n\n\n\n<li><a href=\"https:\/\/monitor.uksw.edu.pl\/docs\/download\/5919d86c510b40a07137c1f87d0abdb3\">Za\u0142\u0105cznik Nr 6 &#8211; Potwierdzenie z odbycia sta\u017cu<\/a>; <a href=\"https:\/\/nauka.uksw.edu.pl\/wp-content\/uploads\/sites\/14\/2025\/11\/zal_6_POTWIERDZENIE-ODBYCIA-STAZU.docx\"><strong>wersja edytowalna<\/strong><\/a>;<\/li>\n\n\n\n<li><a href=\"https:\/\/monitor.uksw.edu.pl\/docs\/download\/0f00c90dff98936d0da7a32ab4584ca3\">Za\u0142\u0105cznik Nr 7 &#8211; Wniosek o przyj\u0119cie na sta\u017c naukowy w UKSW<\/a>; <a href=\"https:\/\/nauka.uksw.edu.pl\/wp-content\/uploads\/sites\/14\/2025\/11\/zal_7_WNIOSEK_MIEJSCE.docx\"><strong>wersja edytowalna<\/strong><\/a>;<\/li>\n\n\n\n<li><a href=\"https:\/\/monitor.uksw.edu.pl\/docs\/download\/d6bf61fdd41d8aa8e38e8e9de69b7dd2\">Za\u0142\u0105cznik Nr 8 &#8211; Umowa o sta\u017c naukowy<\/a>; <a href=\"https:\/\/nauka.uksw.edu.pl\/wp-content\/uploads\/sites\/14\/2025\/11\/zal_8_UMOWA-O-STAZ-NAUKOWY.docx\"><strong>wersja edytowalna<\/strong><\/a>;<\/li>\n\n\n\n<li><a href=\"https:\/\/monitor.uksw.edu.pl\/docs\/download\/11bf57d952034bd5b07b21902852e382\">Za\u0142\u0105cznik Nr 9 &#8211; Porozumienie o wsp\u00f3\u0142pracy naukowej<\/a>; <a href=\"https:\/\/nauka.uksw.edu.pl\/wp-content\/uploads\/sites\/14\/2025\/11\/zal_9_POROZUMIENIE.docx\"><strong>wersja edytowalna<\/strong><\/a>;<\/li>\n\n\n\n<li><a href=\"https:\/\/monitor.uksw.edu.pl\/docs\/download\/ef6f031923408245e8324ea638a72aa5\">Za\u0142\u0105cznik Nr 10 &#8211; Schemat realizacji sta\u017cu krajowego, zagranicznego oraz sta\u017cu w UKSW<\/a>.<\/li>\n<\/ul>\n\n\n\n<figure class=\"wp-block-image size-large\"><img loading=\"lazy\" decoding=\"async\" width=\"1024\" height=\"718\" src=\"https:\/\/nauka.uksw.edu.pl\/wp-content\/uploads\/sites\/14\/2025\/11\/staze_krajowy-1024x718.png\" alt=\"\" class=\"wp-image-23196\" srcset=\"https:\/\/nauka.uksw.edu.pl\/wp-content\/uploads\/sites\/14\/2025\/11\/staze_krajowy-1024x718.png 1024w, https:\/\/nauka.uksw.edu.pl\/wp-content\/uploads\/sites\/14\/2025\/11\/staze_krajowy-300x210.png 300w, https:\/\/nauka.uksw.edu.pl\/wp-content\/uploads\/sites\/14\/2025\/11\/staze_krajowy-768x538.png 768w, https:\/\/nauka.uksw.edu.pl\/wp-content\/uploads\/sites\/14\/2025\/11\/staze_krajowy.png 1317w\" sizes=\"auto, (max-width: 1024px) 100vw, 1024px\" \/><\/figure>\n\n\n\n<p><\/p>\n\n\n\n<figure class=\"wp-block-image size-large\"><img loading=\"lazy\" decoding=\"async\" width=\"1024\" height=\"725\" src=\"https:\/\/nauka.uksw.edu.pl\/wp-content\/uploads\/sites\/14\/2025\/11\/staze_zagraniczny-1024x725.png\" alt=\"\" class=\"wp-image-23197\" srcset=\"https:\/\/nauka.uksw.edu.pl\/wp-content\/uploads\/sites\/14\/2025\/11\/staze_zagraniczny-1024x725.png 1024w, https:\/\/nauka.uksw.edu.pl\/wp-content\/uploads\/sites\/14\/2025\/11\/staze_zagraniczny-300x213.png 300w, https:\/\/nauka.uksw.edu.pl\/wp-content\/uploads\/sites\/14\/2025\/11\/staze_zagraniczny-768x544.png 768w, https:\/\/nauka.uksw.edu.pl\/wp-content\/uploads\/sites\/14\/2025\/11\/staze_zagraniczny.png 1310w\" sizes=\"auto, (max-width: 1024px) 100vw, 1024px\" \/><\/figure>\n\n\n\n<p><\/p>\n\n\n\n<figure class=\"wp-block-image size-large\"><img loading=\"lazy\" decoding=\"async\" width=\"1024\" height=\"729\" src=\"https:\/\/nauka.uksw.edu.pl\/wp-content\/uploads\/sites\/14\/2025\/11\/staze_w_UKSW-1024x729.png\" alt=\"\" class=\"wp-image-23198\" srcset=\"https:\/\/nauka.uksw.edu.pl\/wp-content\/uploads\/sites\/14\/2025\/11\/staze_w_UKSW-1024x729.png 1024w, https:\/\/nauka.uksw.edu.pl\/wp-content\/uploads\/sites\/14\/2025\/11\/staze_w_UKSW-300x214.png 300w, https:\/\/nauka.uksw.edu.pl\/wp-content\/uploads\/sites\/14\/2025\/11\/staze_w_UKSW-768x547.png 768w, https:\/\/nauka.uksw.edu.pl\/wp-content\/uploads\/sites\/14\/2025\/11\/staze_w_UKSW.png 1313w\" sizes=\"auto, (max-width: 1024px) 100vw, 1024px\" \/><\/figure>\n","protected":false},"excerpt":{"rendered":"<p>Zasady realizacji sta\u017cy naukowych przez Pracownik\u00f3w i Doktorant\u00f3w Uniwersytetu Kardyna\u0142a Stefana Wyszy\u0144skiego w Warszawie oraz zasady realizacji sta\u017cy naukowych w UKSW reguluje Zarz\u0105dzenie Nr 76\/2025 Rektora Uniwersytetu Kardyna\u0142a Stefana Wyszy\u0144skiego w Warszawie z dnia 21 listopada 2025 w sprawie Regulaminu sta\u017cy naukowych. UKSW prowadzi zar\u00f3wno rejestr sta\u017cy naukowych realizowanych przez Pracownik\u00f3w i Doktorant\u00f3w UKSW oraz [&hellip;]<\/p>\n","protected":false},"author":26,"featured_media":23195,"parent":0,"menu_order":0,"comment_status":"closed","ping_status":"closed","template":"page-templates\/template-sub-page.php","meta":{"_acf_changed":false,"inline_featured_image":false,"footnotes":"","_links_to":"","_links_to_target":""},"class_list":["post-23220","page","type-page","status-publish","has-post-thumbnail","hentry"],"acf":[],"_links":{"self":[{"href":"https:\/\/nauka.uksw.edu.pl\/pl\/wp-json\/wp\/v2\/pages\/23220","targetHints":{"allow":["GET"]}}],"collection":[{"href":"https:\/\/nauka.uksw.edu.pl\/pl\/wp-json\/wp\/v2\/pages"}],"about":[{"href":"https:\/\/nauka.uksw.edu.pl\/pl\/wp-json\/wp\/v2\/types\/page"}],"author":[{"embeddable":true,"href":"https:\/\/nauka.uksw.edu.pl\/pl\/wp-json\/wp\/v2\/users\/26"}],"replies":[{"embeddable":true,"href":"https:\/\/nauka.uksw.edu.pl\/pl\/wp-json\/wp\/v2\/comments?post=23220"}],"version-history":[{"count":8,"href":"https:\/\/nauka.uksw.edu.pl\/pl\/wp-json\/wp\/v2\/pages\/23220\/revisions"}],"predecessor-version":[{"id":23341,"href":"https:\/\/nauka.uksw.edu.pl\/pl\/wp-json\/wp\/v2\/pages\/23220\/revisions\/23341"}],"wp:featuredmedia":[{"embeddable":true,"href":"https:\/\/nauka.uksw.edu.pl\/pl\/wp-json\/wp\/v2\/media\/23195"}],"wp:attachment":[{"href":"https:\/\/nauka.uksw.edu.pl\/pl\/wp-json\/wp\/v2\/media?parent=23220"}],"curies":[{"name":"wp","href":"https:\/\/api.w.org\/{rel}","templated":true}]}}