{"id":23234,"date":"2025-11-26T11:04:41","date_gmt":"2025-11-26T10:04:41","guid":{"rendered":"https:\/\/nauka.uksw.edu.pl\/?page_id=23234"},"modified":"2025-11-26T11:27:23","modified_gmt":"2025-11-26T10:27:23","slug":"sprawy-nauki","status":"publish","type":"page","link":"https:\/\/nauka.uksw.edu.pl\/sprawy-nauki\/","title":{"rendered":"Sprawy nauki"},"content":{"rendered":"\n<h2 class=\"wp-block-heading\"><a href=\"https:\/\/nauka.uksw.edu.pl\/zasady-realizacji-stazy-naukowych\/\">Zasady realizacji sta\u017cy naukowych<\/a><\/h2>\n\n\n\n<p>Czyli zasady realizacji sta\u017cy naukowych przez pracownik\u00f3w i doktorant\u00f3w UKSW oraz sta\u017cy naukowych realizowanych w UKSW.<\/p>\n\n\n\n<hr class=\"wp-block-separator has-alpha-channel-opacity\" \/>\n\n\n\n<h2 class=\"wp-block-heading\"><a href=\"https:\/\/nauka.uksw.edu.pl\/postepowania-awansowe\/\">Post\u0119powania awansowe<\/a><\/h2>\n\n\n\n<p>Czyli praktyczne informacje dotycz\u0105ce post\u0119powa\u0144 o nadanie stopni i tytu\u0142\u00f3w naukowych.<\/p>\n\n\n\n<hr class=\"wp-block-separator has-alpha-channel-opacity\" \/>\n\n\n\n<h2 class=\"wp-block-heading\"><a href=\"https:\/\/nauka.uksw.edu.pl\/pozyskiwanie-grantow\/\">Pozyskiwanie grant\u00f3w<\/a><\/h2>\n\n\n\n<p>Czyli praktyczne rady jak zaplanowa\u0107 i zrealizowa\u0107 projekt badawczy. <\/p>\n","protected":false},"excerpt":{"rendered":"<p>Zasady realizacji sta\u017cy naukowych Czyli zasady realizacji sta\u017cy naukowych przez pracownik\u00f3w i doktorant\u00f3w UKSW oraz sta\u017cy naukowych realizowanych w UKSW. Post\u0119powania awansowe Czyli praktyczne informacje dotycz\u0105ce post\u0119powa\u0144 o nadanie stopni i tytu\u0142\u00f3w naukowych. Pozyskiwanie grant\u00f3w Czyli praktyczne rady jak zaplanowa\u0107 i zrealizowa\u0107 projekt badawczy.<\/p>\n","protected":false},"author":26,"featured_media":23244,"parent":0,"menu_order":0,"comment_status":"closed","ping_status":"closed","template":"page-templates\/template-sub-page.php","meta":{"_acf_changed":false,"inline_featured_image":false,"footnotes":"","_links_to":"","_links_to_target":""},"class_list":["post-23234","page","type-page","status-publish","has-post-thumbnail","hentry"],"acf":[],"_links":{"self":[{"href":"https:\/\/nauka.uksw.edu.pl\/pl\/wp-json\/wp\/v2\/pages\/23234","targetHints":{"allow":["GET"]}}],"collection":[{"href":"https:\/\/nauka.uksw.edu.pl\/pl\/wp-json\/wp\/v2\/pages"}],"about":[{"href":"https:\/\/nauka.uksw.edu.pl\/pl\/wp-json\/wp\/v2\/types\/page"}],"author":[{"embeddable":true,"href":"https:\/\/nauka.uksw.edu.pl\/pl\/wp-json\/wp\/v2\/users\/26"}],"replies":[{"embeddable":true,"href":"https:\/\/nauka.uksw.edu.pl\/pl\/wp-json\/wp\/v2\/comments?post=23234"}],"version-history":[{"count":9,"href":"https:\/\/nauka.uksw.edu.pl\/pl\/wp-json\/wp\/v2\/pages\/23234\/revisions"}],"predecessor-version":[{"id":23256,"href":"https:\/\/nauka.uksw.edu.pl\/pl\/wp-json\/wp\/v2\/pages\/23234\/revisions\/23256"}],"wp:featuredmedia":[{"embeddable":true,"href":"https:\/\/nauka.uksw.edu.pl\/pl\/wp-json\/wp\/v2\/media\/23244"}],"wp:attachment":[{"href":"https:\/\/nauka.uksw.edu.pl\/pl\/wp-json\/wp\/v2\/media?parent=23234"}],"curies":[{"name":"wp","href":"https:\/\/api.w.org\/{rel}","templated":true}]}}