{"id":23392,"date":"2026-02-27T07:39:24","date_gmt":"2026-02-27T06:39:24","guid":{"rendered":"https:\/\/nauka.uksw.edu.pl\/?page_id=23392"},"modified":"2026-02-27T07:46:05","modified_gmt":"2026-02-27T06:46:05","slug":"kodeks-etyki-badacza-uksw","status":"publish","type":"page","link":"https:\/\/nauka.uksw.edu.pl\/kodeks-etyki-badacza-uksw\/","title":{"rendered":"Kodeks Etyki Badacza UKSW"},"content":{"rendered":"\n<p>Senat Uniwersytetu Kardyna\u0142a Stefana Wyszy\u0144skiego w Warszawie w dniu 26 lutego 2026 r. przyj\u0105\u0142 Uchwa\u0142\u0119 Nr 25\/2026, kt\u00f3ra spowodowa\u0142a wej\u015bcie w \u017cycie Kodeksu Etyki Badacza Uniwersytetu Kardyna\u0142a Stefana Wyszy\u0144skiego w Warszawie.<\/p>\n\n\n\n<p>Kodeks reguluje zasady etyczne, kt\u00f3rymi winni kierowa\u0107 si\u0119 w swoich badaniach naukowych wszyscy badacze zwi\u0105zani z UKSW.<\/p>\n\n\n\n<p>Pe\u0142n\u0105 tre\u015b\u0107 <a href=\"https:\/\/monitor.uksw.edu.pl\/docs\/8648\">Kodeksu Etyki Badacza Uniwersytetu Kardyna\u0142a Stefana Wyszy\u0144skiego w Warszawie mo\u017cna znale\u017a\u0107 w monitorze UKSW<\/a>.<\/p>\n","protected":false},"excerpt":{"rendered":"<p>Senat Uniwersytetu Kardyna\u0142a Stefana Wyszy\u0144skiego w Warszawie w dniu 26 lutego 2026 r. przyj\u0105\u0142 Uchwa\u0142\u0119 Nr 25\/2026, kt\u00f3ra spowodowa\u0142a wej\u015bcie w \u017cycie Kodeksu Etyki Badacza Uniwersytetu Kardyna\u0142a Stefana Wyszy\u0144skiego w Warszawie. Kodeks reguluje zasady etyczne, kt\u00f3rymi winni kierowa\u0107 si\u0119 w swoich badaniach naukowych wszyscy badacze zwi\u0105zani z UKSW. Pe\u0142n\u0105 tre\u015b\u0107 Kodeksu Etyki Badacza Uniwersytetu Kardyna\u0142a [&hellip;]<\/p>\n","protected":false},"author":26,"featured_media":21898,"parent":0,"menu_order":0,"comment_status":"closed","ping_status":"closed","template":"page-templates\/template-sub-page.php","meta":{"_acf_changed":false,"inline_featured_image":false,"footnotes":"","_links_to":"","_links_to_target":""},"class_list":["post-23392","page","type-page","status-publish","has-post-thumbnail","hentry"],"acf":[],"_links":{"self":[{"href":"https:\/\/nauka.uksw.edu.pl\/pl\/wp-json\/wp\/v2\/pages\/23392","targetHints":{"allow":["GET"]}}],"collection":[{"href":"https:\/\/nauka.uksw.edu.pl\/pl\/wp-json\/wp\/v2\/pages"}],"about":[{"href":"https:\/\/nauka.uksw.edu.pl\/pl\/wp-json\/wp\/v2\/types\/page"}],"author":[{"embeddable":true,"href":"https:\/\/nauka.uksw.edu.pl\/pl\/wp-json\/wp\/v2\/users\/26"}],"replies":[{"embeddable":true,"href":"https:\/\/nauka.uksw.edu.pl\/pl\/wp-json\/wp\/v2\/comments?post=23392"}],"version-history":[{"count":2,"href":"https:\/\/nauka.uksw.edu.pl\/pl\/wp-json\/wp\/v2\/pages\/23392\/revisions"}],"predecessor-version":[{"id":23398,"href":"https:\/\/nauka.uksw.edu.pl\/pl\/wp-json\/wp\/v2\/pages\/23392\/revisions\/23398"}],"wp:featuredmedia":[{"embeddable":true,"href":"https:\/\/nauka.uksw.edu.pl\/pl\/wp-json\/wp\/v2\/media\/21898"}],"wp:attachment":[{"href":"https:\/\/nauka.uksw.edu.pl\/pl\/wp-json\/wp\/v2\/media?parent=23392"}],"curies":[{"name":"wp","href":"https:\/\/api.w.org\/{rel}","templated":true}]}}