{"id":3361,"date":"2022-08-03T11:35:18","date_gmt":"2022-08-03T09:35:18","guid":{"rendered":"https:\/\/jednostki.uksw.edu.pl\/?page_id=2775"},"modified":"2022-11-07T09:24:43","modified_gmt":"2022-11-07T08:24:43","slug":"formularze","status":"publish","type":"page","link":"https:\/\/nauka.uksw.edu.pl\/formularze\/","title":{"rendered":"Formularze"},"content":{"rendered":"\n<p>W dziale &#8222;Formularze&#8221; zebrane zosta\u0142y dokumenty niezb\u0119dne do wnioskowania, prowadzenia oraz rozliczania bada\u0144, publikacji oraz konferencji realizowanych przez pracownik\u00f3w i doktorant\u00f3w Uniwersytetu Kardyna\u0142a Stefana Wyszy\u0144skiego w Warszawie.<\/p>\n\n\n\n<p>Poruszanie si\u0119 mi\u0119dzy poszczeg\u00f3lnymi formularzami, mo\u017cliwe jest przy u\u017cyciu menu z prawej strony serwisu. Poszczeg\u00f3lne zak\u0142adki zawieraj\u0105 nast\u0119puj\u0105ce formularze:<\/p>\n\n\n\n<ul class=\"wp-block-list\">\n<li><strong>Formularze zwi\u0105zane z badaniami i konferencjami<\/strong>&nbsp;&#8211; dokumenty, kt\u00f3re mo\u017cna sk\u0142ada\u0107 do BBN w celu uzyskania dofinansowania na badania, publikacje i konferencje.<\/li>\n\n\n\n<li><strong>Formularze-delegacje<\/strong>&nbsp;&#8211; dokumenty niezb\u0119dne do udania si\u0119 na wyjazd s\u0142u\u017cbowy. Do ka\u017cdego dokumentu do\u0142\u0105czony zosta\u0142 prawid\u0142owo wype\u0142niony wz\u00f3r.<\/li>\n\n\n\n<li><strong>Formularze-umowy<\/strong>&nbsp;&#8211; umowy, rachunki oraz ewentualne aneksy do nich.<\/li>\n<\/ul>\n\n\n\n<p>W ka\u017cdej zak\u0142adce znajduj\u0105 si\u0119 tak\u017ce zarz\u0105dzenia Rektora UKSW reguluj\u0105ce obowi\u0105zywanie za\u0142\u0105czonych formularzy na terenie Uczelni.<\/p>\n\n\n\n<p>Formularze sk\u0142adane w ramach konkurs\u00f3w organizowanych przez Narodowe Centrum Nauki znajd\u0105 Pa\u0144stwo w systemie&nbsp;<a href=\"https:\/\/osf.opi.org.pl\/app\/adm\/start.do\" target=\"_blank\" rel=\"noreferrer noopener\">www.osf.opi.org<\/a>, za pomoc\u0105 kt\u00f3rego aplikuje si\u0119 o \u015brodki z NCN.<\/p>\n\n\n\r\n<div class=\"\">\r\n\r\n<div class=\"page_heading\"> <img decoding=\"async\" src=\"https:\/\/nauka.uksw.edu.pl\/wp-content\/themes\/uksw\/images\/note-2_white.svg\" alt=\"\"> Wybierz interesuj\u0105cy Ci\u0119 dzia\u0142:<\/div>\r\n<div class=\"candidate_box_sec\">\r\n<div class=\"row\">\r\n\r\n    \r\n                                \r\n                            <div class=\"col-xl-6 col-lg-6 col-md-12 col-sm-12 project\">\r\n                                <a href=\"https:\/\/nauka.uksw.edu.pl\/?post_type=page&#038;p=4209\" class=\"project_box\">\r\n                                    <div class=\"candidate_box project_box\">\r\n                                        <div class=\"candidate_box_title\">Formularze<\/div>\r\n                                                                                <div class=\"candidate_box_sub_title\">zwi\u0105zane z badaniami i konferencjami<\/div>\r\n                                                                                <img decoding=\"async\" src=\"https:\/\/nauka.uksw.edu.pl\/wp-content\/themes\/uksw\/images\/arrow_more1.svg\" alt=\"\">  \r\n                                    <\/div>\r\n                                <\/a>\r\n                            <\/div>\r\n                      \r\n                        \r\n                            \r\n                                \r\n                            <div class=\"col-xl-6 col-lg-6 col-md-12 col-sm-12 project\">\r\n                                <a href=\"https:\/\/nauka.uksw.edu.pl\/?post_type=page&#038;p=4213\" class=\"project_box\">\r\n                                    <div class=\"candidate_box project_box\">\r\n                                        <div class=\"candidate_box_title\">Rozliczanie<\/div>\r\n                                                                                <div class=\"candidate_box_sub_title\">delegacji<\/div>\r\n                                                                                <img decoding=\"async\" src=\"https:\/\/nauka.uksw.edu.pl\/wp-content\/themes\/uksw\/images\/arrow_more1.svg\" alt=\"\">  \r\n                                    <\/div>\r\n                                <\/a>\r\n                            <\/div>\r\n                      \r\n                        \r\n                            \r\n                                \r\n                            <div class=\"col-xl-6 col-lg-6 col-md-12 col-sm-12 project\">\r\n                                <a href=\"https:\/\/nauka.uksw.edu.pl\/?post_type=page&#038;p=4254\" class=\"project_box\">\r\n                                    <div class=\"candidate_box project_box\">\r\n                                        <div class=\"candidate_box_title\">Formularze<\/div>\r\n                                                                                <div class=\"candidate_box_sub_title\">&#8211; umowy<\/div>\r\n                                                                                <img decoding=\"async\" src=\"https:\/\/nauka.uksw.edu.pl\/wp-content\/themes\/uksw\/images\/arrow_more1.svg\" alt=\"\">  \r\n                                    <\/div>\r\n                                <\/a>\r\n                            <\/div>\r\n                      \r\n                        \r\n                            <\/div>\r\n<\/div>\r\n\r\n<\/div>","protected":false},"excerpt":{"rendered":"<p>W dziale &#8222;Formularze&#8221; zebrane zosta\u0142y dokumenty niezb\u0119dne do wnioskowania, prowadzenia oraz rozliczania bada\u0144, publikacji oraz konferencji realizowanych przez pracownik\u00f3w i doktorant\u00f3w Uniwersytetu Kardyna\u0142a Stefana Wyszy\u0144skiego w Warszawie. Poruszanie si\u0119 mi\u0119dzy poszczeg\u00f3lnymi formularzami, mo\u017cliwe jest przy u\u017cyciu menu z prawej strony serwisu. Poszczeg\u00f3lne zak\u0142adki zawieraj\u0105 nast\u0119puj\u0105ce formularze: W ka\u017cdej zak\u0142adce znajduj\u0105 si\u0119 tak\u017ce zarz\u0105dzenia Rektora UKSW [&hellip;]<\/p>\n","protected":false},"author":7,"featured_media":4597,"parent":0,"menu_order":0,"comment_status":"closed","ping_status":"closed","template":"page-templates\/template-sub-page.php","meta":{"_acf_changed":false,"inline_featured_image":false,"footnotes":"","_links_to":"","_links_to_target":""},"class_list":["post-3361","page","type-page","status-publish","has-post-thumbnail","hentry"],"acf":[],"_links":{"self":[{"href":"https:\/\/nauka.uksw.edu.pl\/pl\/wp-json\/wp\/v2\/pages\/3361","targetHints":{"allow":["GET"]}}],"collection":[{"href":"https:\/\/nauka.uksw.edu.pl\/pl\/wp-json\/wp\/v2\/pages"}],"about":[{"href":"https:\/\/nauka.uksw.edu.pl\/pl\/wp-json\/wp\/v2\/types\/page"}],"author":[{"embeddable":true,"href":"https:\/\/nauka.uksw.edu.pl\/pl\/wp-json\/wp\/v2\/users\/7"}],"replies":[{"embeddable":true,"href":"https:\/\/nauka.uksw.edu.pl\/pl\/wp-json\/wp\/v2\/comments?post=3361"}],"version-history":[{"count":16,"href":"https:\/\/nauka.uksw.edu.pl\/pl\/wp-json\/wp\/v2\/pages\/3361\/revisions"}],"predecessor-version":[{"id":20815,"href":"https:\/\/nauka.uksw.edu.pl\/pl\/wp-json\/wp\/v2\/pages\/3361\/revisions\/20815"}],"wp:featuredmedia":[{"embeddable":true,"href":"https:\/\/nauka.uksw.edu.pl\/pl\/wp-json\/wp\/v2\/media\/4597"}],"wp:attachment":[{"href":"https:\/\/nauka.uksw.edu.pl\/pl\/wp-json\/wp\/v2\/media?parent=3361"}],"curies":[{"name":"wp","href":"https:\/\/api.w.org\/{rel}","templated":true}]}}