{"id":3362,"date":"2022-08-03T11:35:40","date_gmt":"2022-08-03T09:35:40","guid":{"rendered":"https:\/\/jednostki.uksw.edu.pl\/?page_id=2780"},"modified":"2025-11-26T11:13:45","modified_gmt":"2025-11-26T10:13:45","slug":"pozyskiwanie-grantow","status":"publish","type":"page","link":"https:\/\/nauka.uksw.edu.pl\/pozyskiwanie-grantow\/","title":{"rendered":"Pozyskiwanie grant\u00f3w"},"content":{"rendered":"\n<h2 class=\"wp-block-heading\">Granty badawcze krok po kroku<\/h2>\n\n\n\n<p>Zach\u0119camy do skorzystania z kursu audio &#8222;Granty badawcze krok po kroku&#8221;. Przygotowany w Biurze ds. Bada\u0144 Naukowych Uniwersytetu Kardyna\u0142a Stefana Wyszy\u0144skiego w Warszawie kurs to ponad osiem godzin nagra\u0144. Dzi\u0119ki nim mo\u017cna zdoby\u0107 wiedz\u0119, kt\u00f3ra jest pomocna przy konstruowaniu swoich plan\u00f3w badawczych, pozyskiwaniu \u015brodk\u00f3w na prowadzenie bada\u0144 naukowych, przygotowywaniu wniosk\u00f3w grantowych oraz zarz\u0105dzaniu realizowanym projektem badawczym. A to tylko niekt\u00f3re z zagadnie\u0144 poruszanych podczas nagrania.<\/p>\n\n\n\n<p>Integralny element kursu stanowi do\u0142\u0105czona do niego prezentacja.<\/p>\n\n\n\n<p><a href=\"https:\/\/bbn.uksw.edu.pl\/granty-badawcze-krok-po-kroku\/\" target=\"_blank\" rel=\"noreferrer noopener\">Kurs dost\u0119pny jest na dedykowanej mu stronie internetowej &#8211; kliknij!<\/a><\/p>\n\n\n\n<h2 class=\"wp-block-heading\">Letnia Szko\u0142a M\u0142odych Naukowc\u00f3w &#8211; materia\u0142y<\/h2>\n\n\n\r\n<div class=\"\">\r\n\r\n\r\n<div class=\"row\">\r\n\r\n  \r\n<div class=\"col-xl-12 col-lg-12 col-md-12 col-sm-12 \">\r\n\t\t<div class=\"download_detils\">\r\n\t\t\t<a href=\"https:\/\/nauka.uksw.edu.pl\/wp-content\/uploads\/sites\/14\/2022\/10\/jak_zdobyc_granty_na_badania_naukowe-1.pdf\"  target=\"_blank\" >\r\n\t\t\t<img decoding=\"async\" src=\"https:\/\/nauka.uksw.edu.pl\/wp-content\/themes\/uksw\/images\/import.svg\" alt=\"\"> Jak zdoby\u0107 granty na badania naukowe &#8211; publikacja [PDF,  0.63 MB]<\/a>\r\n\t\t<\/div>\r\n<\/div>\r\n\r\n\r\n\t\t\r\n<div class=\"col-xl-12 col-lg-12 col-md-12 col-sm-12 \">\r\n\t\t<div class=\"download_detils\">\r\n\t\t\t<a href=\"https:\/\/nauka.uksw.edu.pl\/wp-content\/uploads\/sites\/14\/2022\/10\/jak_zdobyc_granty_na_badania_naukowe-1.mobi\"  title=\"Jak zdoby\u0107 granty na badania naukowe - publikacja\" download >\r\n\t\t\t<img decoding=\"async\" src=\"https:\/\/nauka.uksw.edu.pl\/wp-content\/themes\/uksw\/images\/import.svg\" alt=\"\"> Jak zdoby\u0107 granty na badania naukowe &#8211; publikacja [MOBI,  1.91 MB]<\/a>\r\n\t\t<\/div>\r\n<\/div>\r\n\r\n\r\n\t\t\r\n<div class=\"col-xl-12 col-lg-12 col-md-12 col-sm-12 \">\r\n\t\t<div class=\"download_detils\">\r\n\t\t\t<a href=\"https:\/\/nauka.uksw.edu.pl\/wp-content\/uploads\/sites\/14\/2022\/10\/jak_zdobyc_granty_na_badania_naukowe-1.epub\"  title=\"Jak zdoby\u0107 granty na badania naukowe - publikacja\" download >\r\n\t\t\t<img decoding=\"async\" src=\"https:\/\/nauka.uksw.edu.pl\/wp-content\/themes\/uksw\/images\/import.svg\" alt=\"\"> Jak zdoby\u0107 granty na badania naukowe &#8211; publikacja [EPUB,  0.90 MB]<\/a>\r\n\t\t<\/div>\r\n<\/div>\r\n\r\n\r\n\t\t\r\n<div class=\"col-xl-12 col-lg-12 col-md-12 col-sm-12 \">\r\n\t\t<div class=\"download_detils\">\r\n\t\t\t<a href=\"https:\/\/nauka.uksw.edu.pl\/wp-content\/uploads\/sites\/14\/2022\/10\/LSMN_prezentacja.pps\"  title=\"Letnia szko\u0142a M\u0142odych Naukowc\u00f3w - prezentacja\" download >\r\n\t\t\t<img decoding=\"async\" src=\"https:\/\/nauka.uksw.edu.pl\/wp-content\/themes\/uksw\/images\/import.svg\" alt=\"\"> Letnia szko\u0142a M\u0142odych Naukowc\u00f3w &#8211; prezentacja [PPS,  8.88 MB]<\/a>\r\n\t\t<\/div>\r\n<\/div>\r\n\r\n\r\n\t\t\r\n<div class=\"col-xl-12 col-lg-12 col-md-12 col-sm-12 \">\r\n\t\t<div class=\"download_detils\">\r\n\t\t\t<a href=\"https:\/\/nauka.uksw.edu.pl\/wp-content\/uploads\/sites\/14\/2022\/10\/LSMN_prezentacja.ppsx\"  title=\"Letnia szko\u0142a M\u0142odych Naukowc\u00f3w - prezentacja\" download >\r\n\t\t\t<img decoding=\"async\" src=\"https:\/\/nauka.uksw.edu.pl\/wp-content\/themes\/uksw\/images\/import.svg\" alt=\"\"> Letnia szko\u0142a M\u0142odych Naukowc\u00f3w &#8211; prezentacja [PPSX,  3.08 MB]<\/a>\r\n\t\t<\/div>\r\n<\/div>\r\n\r\n\r\n\t\t\r\n<div class=\"col-xl-12 col-lg-12 col-md-12 col-sm-12 \">\r\n\t\t<div class=\"download_detils\">\r\n\t\t\t<a href=\"https:\/\/nauka.uksw.edu.pl\/wp-content\/uploads\/sites\/14\/2022\/10\/LSMN_prezentacja.pdf\"  target=\"_blank\" >\r\n\t\t\t<img decoding=\"async\" src=\"https:\/\/nauka.uksw.edu.pl\/wp-content\/themes\/uksw\/images\/import.svg\" alt=\"\"> Letnia szko\u0142a M\u0142odych Naukowc\u00f3w &#8211; prezentacja [PDF,  1.73 MB]<\/a>\r\n\t\t<\/div>\r\n<\/div>\r\n\r\n\r\n\t\t\r\n<div class=\"col-xl-12 col-lg-12 col-md-12 col-sm-12 \">\r\n\t\t<div class=\"download_detils\">\r\n\t\t\t<a href=\"https:\/\/nauka.uksw.edu.pl\/wp-content\/uploads\/sites\/14\/2022\/10\/pomocniki.pdf\"  target=\"_blank\" >\r\n\t\t\t<img decoding=\"async\" src=\"https:\/\/nauka.uksw.edu.pl\/wp-content\/themes\/uksw\/images\/import.svg\" alt=\"\"> Letnia szko\u0142a M\u0142odych Naukowc\u00f3w &#8211; Pomocniki 1 [PDF,  0.40 MB]<\/a>\r\n\t\t<\/div>\r\n<\/div>\r\n\r\n\r\n\t\t\r\n<div class=\"col-xl-12 col-lg-12 col-md-12 col-sm-12 \">\r\n\t\t<div class=\"download_detils\">\r\n\t\t\t<a href=\"https:\/\/nauka.uksw.edu.pl\/wp-content\/uploads\/sites\/14\/2022\/10\/pomocniki_2.pdf\"  target=\"_blank\" >\r\n\t\t\t<img decoding=\"async\" src=\"https:\/\/nauka.uksw.edu.pl\/wp-content\/themes\/uksw\/images\/import.svg\" alt=\"\"> Letnia szko\u0142a M\u0142odych Naukowc\u00f3w &#8211; Pomocniki 2 [PDF,  0.40 MB]<\/a>\r\n\t\t<\/div>\r\n<\/div>\r\n\r\n\r\n\t\t\r\n\t\t \r\n\r\n<\/div>\r\n<\/div>\r\n<div class=\"space20\"><\/div>\r\n\r\n\n\n\n<h2 class=\"wp-block-heading\">Wnioski grantowe bez tajemnic<\/h2>\n\n\n\n<p>Przejd\u017a do wpisu <a href=\"https:\/\/bbn.uksw.edu.pl\/\/2022\/10\/18\/wnioski-grantowe-bez-tajemnic\/\"><strong>Wnioski grantowe bez tajemnic<\/strong><\/a>, aby dowiedzie\u0107 si\u0119 wi\u0119cej.<\/p>\n\n\n\n<h2 class=\"wp-block-heading\">Analiza tre\u015bci recenzji wniosk\u00f3w sk\u0142adanych do NCN<\/h2>\n\n\n\n<p>Oddajemy do Pa\u0144stwa r\u0105k publikacj\u0119 pt. &#8222;Analiza tre\u015bci recenzji wniosk\u00f3w sk\u0142adanych do Narodowego Centrum Nauki&#8221;. Powsta\u0142a ona w oparciu o recenzje wniosk\u00f3w sk\u0142adanych do NCN przez doktorant\u00f3w i pracownik\u00f3w Uniwersytetu Kardyna\u0142a Stefana Wyszy\u0144skiego w Warszawie w latach 2011-2014.<\/p>\n\n\n\n<p>Celem opracowania jest wskazanie dobrych praktyk w pracach nad wnioskami sk\u0142adanymi do NCN. Przy analizie tre\u015bci recenzji zapewniona zosta\u0142a anonimowo\u015b\u0107 os\u00f3b odpowiedzialnych za sk\u0142adanie wniosk\u00f3w. Przedstawione wnioski s\u0142u\u017c\u0105 do przedstawienia mocnych i s\u0142abych stron wszystkich wniosk\u00f3w sk\u0142adanych do NCN i nie nale\u017cy odnosi\u0107 ich do pojedynczych wniosk\u00f3w. Zamieszczone cytaty s\u0142u\u017c\u0105 do zobrazowania ocen recenzent\u00f3w i ekspert\u00f3w oceniaj\u0105cych wnioski. W tre\u015bciach recenzji zachowano ich oryginalny zapis. Poprawione zosta\u0142y tzw. liter\u00f3wki.<\/p>\n\n\n\n<p>W niekt\u00f3rych przypadkach recenzenci zwracali tak\u017ce uwag\u0119 na elementy wniosku, kt\u00f3rych ocena nie jest uwzgl\u0119dniania zgodnie z przywo\u0142anym powy\u017cej regulaminem. Poni\u017csze opracowanie ma zobrazowa\u0107 proces recenzji wniosk\u00f3w sk\u0142adanych do NCN. Nie nale\u017cy go traktowa\u0107 jako przewodnika do zdobycia grantu. Ka\u017cdy wniosek charakteryzuje si\u0119 bowiem w\u0142asn\u0105 specyfik\u0105, na kt\u00f3r\u0105 ma wp\u0142yw m.in. dziedzina nauki, kt\u00f3rej dotyczy zg\u0142aszany projekt oraz zwi\u0105zana z tym metodologia prowadzenia bada\u0144 naukowych. Przed rozpocz\u0119ciem przygotowywania wniosku do NCN warto tak\u017ce zapozna\u0107 si\u0119 z regulaminem konkursu, w kt\u00f3rym planowane jest sk\u0142adanie wniosku.<\/p>\n\n\n\n<h3 class=\"wp-block-heading\">Do pobrania<\/h3>\n\n\n\r\n<div class=\"\">\r\n\r\n\r\n<div class=\"row\">\r\n\r\n  \r\n<div class=\"col-xl-12 col-lg-12 col-md-12 col-sm-12 \">\r\n\t\t<div class=\"download_detils\">\r\n\t\t\t<a href=\"https:\/\/nauka.uksw.edu.pl\/wp-content\/uploads\/sites\/14\/2022\/10\/analiza_recenzji_NCN.pdf\"  title=\"Analiza tre\u015bci recenzji wniosk\u00f3w sk\u0142adanych do Narodowego Centrum Nauki\" download >\r\n\t\t\t<img decoding=\"async\" src=\"https:\/\/nauka.uksw.edu.pl\/wp-content\/themes\/uksw\/images\/import.svg\" alt=\"\"> Analiza tre\u015bci recenzji wniosk\u00f3w sk\u0142adanych do Narodowego Centrum Nauki [PDF,  0.66 MB]<\/a>\r\n\t\t<\/div>\r\n<\/div>\r\n\r\n\r\n\t\t\r\n\t\t \r\n\r\n<\/div>\r\n<\/div>\r\n<div class=\"space20\"><\/div>\r\n\r\n\n\n\n<p>Za pomoc przy pracach nad publikacj\u0105 dzi\u0119kujemy wszystkim osobom, kt\u00f3re sk\u0142ada\u0142y wnioski do NCN i udost\u0119pni\u0142y tre\u015b\u0107 swoich recenzji.<\/p>\n\n\n\n<p>Uwagi dotycz\u0105ce publikacji nale\u017cy kierowa\u0107 drog\u0105 mailow\u0105 na adres&nbsp;<a href=\"mailto:t.janus@uksw.edu.pl\">t.janus@uksw.edu.pl<\/a>.<\/p>\n\n\n\n<h2 class=\"wp-block-heading\">Jak napisa\u0107 wniosek o finansowanie bada\u0144 naukowych<\/h2>\n\n\n\n<p>Zach\u0119camy do zapoznania si\u0119 z poradnikiem pt. &#8222;Jak napisa\u0107 wniosek o finansowanie bada\u0144 naukowych&#8221;, kt\u00f3ry zosta\u0142 przygotowany przez Rad\u0119 M\u0142odych Naukowc\u00f3w. Poradnik adresowany jest przede wszystkim do m\u0142odych naukowc\u00f3w, ale mog\u0105 z niego skorzysta\u0107 r\u00f3wnie\u017c do\u015bwiadczeni badacze.<\/p>\n\n\n\n<h3 class=\"wp-block-heading\">Do pobrania<\/h3>\n\n\n\r\n<div class=\"\">\r\n\r\n\r\n<div class=\"row\">\r\n\r\n  \r\n<div class=\"col-xl-12 col-lg-12 col-md-12 col-sm-12 \">\r\n\t\t<div class=\"download_detils\">\r\n\t\t\t<a href=\"https:\/\/nauka.uksw.edu.pl\/wp-content\/uploads\/sites\/14\/2022\/10\/PORADNIK-RMN.pdf\"  title=\"Poradnik Rady M\u0142odych Naukowc\u00f3w\" download >\r\n\t\t\t<img decoding=\"async\" src=\"https:\/\/nauka.uksw.edu.pl\/wp-content\/themes\/uksw\/images\/import.svg\" alt=\"\"> Poradnik Rady M\u0142odych Naukowc\u00f3w [PDF,  0.66 MB]<\/a>\r\n\t\t<\/div>\r\n<\/div>\r\n\r\n\r\n\t\t\r\n\t\t \r\n\r\n<\/div>\r\n<\/div>\r\n<div class=\"space20\"><\/div>\r\n\r\n","protected":false},"excerpt":{"rendered":"<p>Granty badawcze krok po kroku Zach\u0119camy do skorzystania z kursu audio &#8222;Granty badawcze krok po kroku&#8221;. Przygotowany w Biurze ds. Bada\u0144 Naukowych Uniwersytetu Kardyna\u0142a Stefana Wyszy\u0144skiego w Warszawie kurs to ponad osiem godzin nagra\u0144. Dzi\u0119ki nim mo\u017cna zdoby\u0107 wiedz\u0119, kt\u00f3ra jest pomocna przy konstruowaniu swoich plan\u00f3w badawczych, pozyskiwaniu \u015brodk\u00f3w na prowadzenie bada\u0144 naukowych, przygotowywaniu wniosk\u00f3w [&hellip;]<\/p>\n","protected":false},"author":7,"featured_media":4641,"parent":0,"menu_order":0,"comment_status":"closed","ping_status":"closed","template":"page-templates\/template-sub-page.php","meta":{"_acf_changed":false,"inline_featured_image":false,"footnotes":"","_links_to":"","_links_to_target":""},"class_list":["post-3362","page","type-page","status-publish","has-post-thumbnail","hentry"],"acf":[],"_links":{"self":[{"href":"https:\/\/nauka.uksw.edu.pl\/pl\/wp-json\/wp\/v2\/pages\/3362","targetHints":{"allow":["GET"]}}],"collection":[{"href":"https:\/\/nauka.uksw.edu.pl\/pl\/wp-json\/wp\/v2\/pages"}],"about":[{"href":"https:\/\/nauka.uksw.edu.pl\/pl\/wp-json\/wp\/v2\/types\/page"}],"author":[{"embeddable":true,"href":"https:\/\/nauka.uksw.edu.pl\/pl\/wp-json\/wp\/v2\/users\/7"}],"replies":[{"embeddable":true,"href":"https:\/\/nauka.uksw.edu.pl\/pl\/wp-json\/wp\/v2\/comments?post=3362"}],"version-history":[{"count":25,"href":"https:\/\/nauka.uksw.edu.pl\/pl\/wp-json\/wp\/v2\/pages\/3362\/revisions"}],"predecessor-version":[{"id":23243,"href":"https:\/\/nauka.uksw.edu.pl\/pl\/wp-json\/wp\/v2\/pages\/3362\/revisions\/23243"}],"wp:featuredmedia":[{"embeddable":true,"href":"https:\/\/nauka.uksw.edu.pl\/pl\/wp-json\/wp\/v2\/media\/4641"}],"wp:attachment":[{"href":"https:\/\/nauka.uksw.edu.pl\/pl\/wp-json\/wp\/v2\/media?parent=3362"}],"curies":[{"name":"wp","href":"https:\/\/api.w.org\/{rel}","templated":true}]}}