{"id":3668,"date":"2022-10-14T15:06:07","date_gmt":"2022-10-14T13:06:07","guid":{"rendered":"https:\/\/bbn.uksw.edu.pl\/badania-naukowe\/"},"modified":"2025-09-30T12:18:33","modified_gmt":"2025-09-30T10:18:33","slug":"badania-naukowe","status":"publish","type":"page","link":"https:\/\/nauka.uksw.edu.pl\/badania-naukowe\/","title":{"rendered":"Badania Naukowe"},"content":{"rendered":"\n<div class=\"wp-block-group\"><div class=\"wp-block-group__inner-container\">\n<p>Zgodnie z&nbsp;Decyzj\u0105 &nbsp;<a href=\"https:\/\/monitor.uksw.edu.pl\/docs\/8455\">Nr 25\/2025 Prorektora ds. Nauki i Wsp\u00f3\u0142pracy Mi\u0119dzynarodowej Uniwersytetu Kardyna\u0142a Stefana Wyszy\u0144skiego w Warszawie z dnia 29 wrze\u015bnia 2025 r. w sprawie otwarcia naboru wniosk\u00f3w na dofinansowanie projekt\u00f3w badawczych finansowanych z subwencji na badania naukowe i prace rozwojowe na rok 2026<\/a>&nbsp;do dnia&nbsp;<strong>17 pa\u017adziernika 2025 r. godz. 23.59.59&nbsp;<\/strong>prowadzony jest nab\u00f3r wniosk\u00f3w na finansowanie projekt\u00f3w badawczych z wewn\u0119trznych \u015brodk\u00f3w Uczelni na 2026 r.&nbsp;<\/p>\n\n\n\n<p>Wnioski nale\u017cy przesy\u0142a\u0107 w postaci podpisanych i zeskanowanych plik\u00f3w w formacie pdf na adres mailowy&nbsp;<a href=\"mailto:nauka@uksw.edu.pl?subject=Badania%20naukowe%202026\">nauka@uksw.edu.pl<\/a>&nbsp;<\/p>\n\n\n\n<p><strong><strong>Wnioski mo\u017cna sk\u0142ada\u0107 tylko na formularzach stanowi\u0105cych aktualne za\u0142\u0105czniki do Zarz\u0105dzenia nr 46\/2023 Nie nale\u017cy wprowadza\u0107 do wniosk\u00f3w dodatkowych p\u00f3l oraz kasowa\u0107 istniej\u0105cych (nawet, je\u017celi pozostaj\u0105 puste). Wnioski nale\u017cy sk\u0142ada\u0107 ze wszystkimi wymaganymi podpisami.<\/strong><\/strong><\/p>\n\n\n\n<p>Tre\u015b\u0107 zarz\u0105dzenia oraz jego za\u0142\u0105cznik\u00f3w mo\u017cna przeczyta\u0107, klikaj\u0105c w zamieszczone poni\u017cej odno\u015bniki.<\/p>\n\n\n\r\n<div class=\"\">\r\n\r\n\r\n<div class=\"row\">\r\n\r\n  \r\n<div class=\"col-xl-12 col-lg-12 col-md-12 col-sm-12 \">\r\n\t\t<div class=\"download_detils\">\r\n\t\t\t<a href=\"https:\/\/nauka.uksw.edu.pl\/wp-content\/uploads\/sites\/14\/2023\/09\/1695207466_46-zarz-2023.pdf\"  title=\"Zarz\u0105dzenie Nr 46\/2023 Rektora Uniwersytetu Kardyna\u0142a Stefana Wyszy\u0144skiego w Warszawie z dnia 20 wrze\u015bnia 2023 r. w sprawie zasad wnioskowania i rozliczania projekt\u00f3w badawczych finansowanych z subwencji na badania naukowe i prace rozwojowe\" download >\r\n\t\t\t<img decoding=\"async\" src=\"https:\/\/nauka.uksw.edu.pl\/wp-content\/themes\/uksw\/images\/import.svg\" alt=\"\"> Zarz\u0105dzenie Nr 46\/2023 Rektora Uniwersytetu Kardyna\u0142a Stefana Wyszy\u0144skiego w\nWarszawie z dnia 20 wrze\u015bnia 2023 r. w sprawie zasad wnioskowania i rozliczania\nprojekt\u00f3w badawczych finansowanych z subwencji na badania naukowe i prace\nrozwojowe [PDF,  0.21 MB]<\/a>\r\n\t\t<\/div>\r\n<\/div>\r\n\r\n\r\n\t\t\r\n<div class=\"col-xl-12 col-lg-12 col-md-12 col-sm-12 \">\r\n\t\t<div class=\"download_detils\">\r\n\t\t\t<a href=\"https:\/\/nauka.uksw.edu.pl\/wp-content\/uploads\/sites\/14\/2025\/03\/1741864089_19-z-2025.pdf\"  title=\"Zarz\u0105dzenie Nr 19\/2025 Rektora Uniwersytetu Kardyna\u0142a Stefana Wyszy\u0144skiego w Warszawie z dnia 13 marca 2025 r. zmieniaj\u0105ce Zarz\u0105dzenie Nr 46\/2023 Rektora Uniwersytetu Kardyna\u0142a Stefana Wyszy\u0144skiego w Warszawie w sprawie zasad wnioskowania i rozliczania projekt\u00f3w badawczych finansowanych z subwencji na badania naukowe i prace rozwojowe\" download >\r\n\t\t\t<img decoding=\"async\" src=\"https:\/\/nauka.uksw.edu.pl\/wp-content\/themes\/uksw\/images\/import.svg\" alt=\"\"> Zarz\u0105dzenie Nr 19\/2025 Rektora Uniwersytetu Kardyna\u0142a Stefana Wyszy\u0144skiego w\nWarszawie z dnia 13 marca 2025 r. zmieniaj\u0105ce Zarz\u0105dzenie Nr 46\/2023 Rektora\nUniwersytetu Kardyna\u0142a Stefana Wyszy\u0144skiego w Warszawie w sprawie zasad\nwnioskowania i rozliczania projekt\u00f3w badawczych finansowanych z subwencji na\nbadania naukowe i prace rozwojowe [PDF,  0.14 MB]<\/a>\r\n\t\t<\/div>\r\n<\/div>\r\n\r\n\r\n\t\t\r\n<div class=\"col-xl-12 col-lg-12 col-md-12 col-sm-12 \">\r\n\t\t<div class=\"download_detils\">\r\n\t\t\t<a href=\"https:\/\/nauka.uksw.edu.pl\/wp-content\/uploads\/sites\/14\/2025\/09\/1758880510_zarz-68-2025.pdf\"  title=\"Zarz\u0105dzenie Nr 68\/2025 Rektora Uniwersytetu Kardyna\u0142a Stefana Wyszy\u0144skiego w Warszawie z dnia 26 wrze\u015bnia 2025 zmieniaj\u0105ce Zarz\u0105dzenie Nr 46\/2023 Rektora Uniwersytetu Kardyna\u0142a Stefana Wyszy\u0144skiego w Warszawie w sprawie zasad wnioskowania i rozliczania projekt\u00f3w badawczych finansowanych z subwencji na badania naukowe i prace rozwojowe\" download >\r\n\t\t\t<img decoding=\"async\" src=\"https:\/\/nauka.uksw.edu.pl\/wp-content\/themes\/uksw\/images\/import.svg\" alt=\"\"> Zarz\u0105dzenie Nr 68\/2025 Rektora Uniwersytetu Kardyna\u0142a Stefana Wyszy\u0144skiego w\nWarszawie z dnia 26 wrze\u015bnia 2025 zmieniaj\u0105ce Zarz\u0105dzenie Nr 46\/2023 Rektora\nUniwersytetu Kardyna\u0142a Stefana Wyszy\u0144skiego w Warszawie w sprawie zasad\nwnioskowania i rozliczania projekt\u00f3w badawczych finansowanych z subwencji na\nbadania naukowe i prace rozwojowe [PDF,  0.06 MB]<\/a>\r\n\t\t<\/div>\r\n<\/div>\r\n\r\n\r\n\t\t\r\n<div class=\"col-xl-12 col-lg-12 col-md-12 col-sm-12 \">\r\n\t\t<div class=\"download_detils\">\r\n\t\t\t<a href=\"https:\/\/nauka.uksw.edu.pl\/wp-content\/uploads\/sites\/14\/2025\/09\/zal_1_wniosek_BN_2025.docx\"  title=\"wniosek o przyznanie dofinansowania na dzia\u0142ania\/projekty indywidualne\/zespo\u0142owe\/wsp\u00f3\u0142prac\u0119 zagraniczn\u0105 \u2013 Za\u0142\u0105cznik nr 1\" download >\r\n\t\t\t<img decoding=\"async\" src=\"https:\/\/nauka.uksw.edu.pl\/wp-content\/themes\/uksw\/images\/import.svg\" alt=\"\"> wniosek o przyznanie dofinansowania na dzia\u0142ania\/projekty\nindywidualne\/zespo\u0142owe\/wsp\u00f3\u0142prac\u0119 zagraniczn\u0105 \u2013 Za\u0142\u0105cznik nr 1 [DOCX,  0.05 MB]<\/a>\r\n\t\t<\/div>\r\n<\/div>\r\n\r\n\r\n\t\t\r\n<div class=\"col-xl-12 col-lg-12 col-md-12 col-sm-12 \">\r\n\t\t<div class=\"download_detils\">\r\n\t\t\t<a href=\"https:\/\/nauka.uksw.edu.pl\/wp-content\/uploads\/sites\/14\/2025\/09\/zal_2_wniosek_konf_nauk_2025.docx\"  title=\"wniosek o przyznanie dofinansowania na organizacj\u0119 konferencji naukowej w UKSW w zakresie upowszechniania nauki \u2013 Za\u0142\u0105cznik nr 2\" download >\r\n\t\t\t<img decoding=\"async\" src=\"https:\/\/nauka.uksw.edu.pl\/wp-content\/themes\/uksw\/images\/import.svg\" alt=\"\"> wniosek o przyznanie dofinansowania na organizacj\u0119 konferencji naukowej w UKSW\nw zakresie upowszechniania nauki \u2013 Za\u0142\u0105cznik nr 2 [DOCX,  0.06 MB]<\/a>\r\n\t\t<\/div>\r\n<\/div>\r\n\r\n\r\n\t\t\r\n<div class=\"col-xl-12 col-lg-12 col-md-12 col-sm-12 \">\r\n\t\t<div class=\"download_detils\">\r\n\t\t\t<a href=\"https:\/\/nauka.uksw.edu.pl\/wp-content\/uploads\/sites\/14\/2025\/09\/zal_3_wniosek_dof_publikacji_2025.docx\"  title=\"wniosek o przyznanie dofinansowania na wydanie publikacji naukowej w Wydawnictwie UKSW w zakresie upowszechniania nauki \u2013 Za\u0142\u0105cznik nr 3\" download >\r\n\t\t\t<img decoding=\"async\" src=\"https:\/\/nauka.uksw.edu.pl\/wp-content\/themes\/uksw\/images\/import.svg\" alt=\"\"> wniosek o przyznanie dofinansowania na wydanie publikacji naukowej w\nWydawnictwie UKSW w zakresie upowszechniania nauki \u2013 Za\u0142\u0105cznik nr 3 [DOCX,  0.03 MB]<\/a>\r\n\t\t<\/div>\r\n<\/div>\r\n\r\n\r\n\t\t\r\n<div class=\"col-xl-12 col-lg-12 col-md-12 col-sm-12 \">\r\n\t\t<div class=\"download_detils\">\r\n\t\t\t<a href=\"https:\/\/nauka.uksw.edu.pl\/wp-content\/uploads\/sites\/14\/2023\/09\/zal_4_wniosek_czas_nauk.doc\"  title=\"wniosek o przyznanie dofinansowania na czasopismo naukowe wydawane w UKSW w zakresie upowszechniania nauki \u2013 Za\u0142\u0105cznik nr 4\" download >\r\n\t\t\t<img decoding=\"async\" src=\"https:\/\/nauka.uksw.edu.pl\/wp-content\/themes\/uksw\/images\/import.svg\" alt=\"\"> wniosek o przyznanie dofinansowania na czasopismo naukowe wydawane w UKSW w\nzakresie upowszechniania nauki \u2013 Za\u0142\u0105cznik nr 4 [DOC,  0.04 MB]<\/a>\r\n\t\t<\/div>\r\n<\/div>\r\n\r\n\r\n\t\t\r\n\t\t \r\n\r\n<\/div>\r\n<\/div>\r\n<div class=\"space20\"><\/div>\r\n\r\n\n\n\n<p>Jednocze\u015bnie informujemy, \u017ce przesta\u0142o obowi\u0105zywa\u0107 Zarz\u0105dzenie Nr 11\/2020 Rektora Uniwersytetu Kardyna\u0142a Stefana Wyszy\u0144skiego w Warszawie z dnia 31 stycznia 2020 r. w sprawie zasad wnioskowania i rozliczania projekt\u00f3w badawczych finansowanych z subwencji na badania naukowe i prace rozwojowe. <strong>Nie jest wi\u0119c mo\u017cliwe sk\u0142adanie wniosk\u00f3w na formularzach, stanowi\u0105cych za\u0142\u0105czniki do Zarz\u0105dzenie Nr 11\/2020. Wnioski takie b\u0119d\u0105 uznane za b\u0142\u0119dne formalnie i pozostan\u0105 bez rozpatrzenia.<\/strong><\/p>\n<\/div><\/div>\n\n\n\n<p>Od 9 stycznia 2024 r. obowi\u0105zuje tak\u017ce Decyzja Nr 1\/2024 Prorektora ds. Nauki i Wsp\u00f3\u0142pracy Mi\u0119dzynarodowej Uniwersytetu Kardyna\u0142a Stefana Wyszy\u0144skiego w Warszawie z dnia 9 stycznia 2024 r. w sprawie wprowadzenia wzor\u00f3w dokument\u00f3w do realizacji wybranych obowi\u0105zk\u00f3w wskazanych w Zarz\u0105dzeniu Nr 46\/2023 Rektora Uniwersytetu Kardyna\u0142a Stefana Wyszy\u0144skiego w Warszawie z dnia 20 wrze\u015bnia 2023 r. w sprawie zasad wnioskowania i rozliczania projekt\u00f3w badawczych finansowanych z subwencji na badania naukowe i prace rozwojowe. W celu u\u0142atwienia realizacji obowi\u0105zk\u00f3w wskazanych w \u00a7 19 i \u00a7 20 Zarz\u0105dzenia Nr 46\/2023, wprowadzone zosta\u0142y cztery wzory dokument\u00f3w, kt\u00f3re musz\u0105 by\u0107 wykorzystywane przez osoby realizuj\u0105ce aktywno\u015bci naukowe, o kt\u00f3rych mowa w \u00a7 19 i \u00a7 20 Zarz\u0105dzenia Nr 46\/2023.<\/p>\n\n\n\n<ol style=\"list-style-type:1\" class=\"wp-block-list\">\n<li><a href=\"https:\/\/bbn.uksw.edu.pl\/wp-content\/uploads\/sites\/14\/2024\/01\/zal_nr_1.docx\">\u00a7 19 ust. 1 Zarz\u0105dzenia (wydanie publikacji naukowej poza Wydawnictwem Naukowym UKSW) \u2013 za\u0142\u0105cznik Nr 1<\/a>;<\/li>\n\n\n\n<li><a href=\"https:\/\/bbn.uksw.edu.pl\/wp-content\/uploads\/sites\/14\/2024\/01\/zal_nr_2.docx\">\u00a7 19 ust. 2 Zarz\u0105dzenia (publikacja artyku\u0142u naukowego w zewn\u0119trznym czasopi\u015bmie naukowym, kt\u00f3ra poci\u0105ga za sob\u0105 zobowi\u0105zania finansowe dla UKSW) \u2013 za\u0142\u0105cznik Nr 2<\/a>;<\/li>\n\n\n\n<li><a href=\"https:\/\/bbn.uksw.edu.pl\/wp-content\/uploads\/sites\/14\/2024\/01\/zal_nr_3.docx\">\u00a7 20 Zarz\u0105dzenia (przeprowadzenie bada\u0144 naukowych bez wykorzystania aparatury naukowo-badawczej, laboratori\u00f3w i pracowni, kt\u00f3rymi dysponuje UKSW) \u2013 za\u0142\u0105cznik Nr 3 (wykorzystanie aparatury spoza UKSW)<\/a> oraz <a href=\"https:\/\/bbn.uksw.edu.pl\/wp-content\/uploads\/sites\/14\/2024\/01\/zal_nr_4.docx\">za\u0142\u0105cznik Nr 4 (zakup nowej aparatury)<\/a>.<\/li>\n<\/ol>\n\n\n\n<p><strong>Dokumenty finansowe, kt\u00f3re dotycz\u0105 obowi\u0105zk\u00f3w wskazanych w \u00a7 19 i \u00a7 20 Zarz\u0105dzenia Nr 46\/2023, kt\u00f3re nie b\u0119d\u0105 poprzedzone z\u0142o\u017ceniem dokument\u00f3w wprowadzonych Decyzj\u0105 Nr 1\/2024 i uzyskaniem na ich podstawie zgody na podj\u0119cie dzia\u0142a\u0144 od Prorektora w\u0142a\u015bciwego ds. nauki, nie b\u0119d\u0105 przyjmowane w Biurze ds. Bada\u0144 Naukowych i Ewaluacji. <\/strong><\/p>\n","protected":false},"excerpt":{"rendered":"<p>Zgodnie z&nbsp;Decyzj\u0105 &nbsp;Nr 25\/2025 Prorektora ds. Nauki i Wsp\u00f3\u0142pracy Mi\u0119dzynarodowej Uniwersytetu Kardyna\u0142a Stefana Wyszy\u0144skiego w Warszawie z dnia 29 wrze\u015bnia 2025 r. w sprawie otwarcia naboru wniosk\u00f3w na dofinansowanie projekt\u00f3w badawczych finansowanych z subwencji na badania naukowe i prace rozwojowe na rok 2026&nbsp;do dnia&nbsp;17 pa\u017adziernika 2025 r. godz. 23.59.59&nbsp;prowadzony jest nab\u00f3r wniosk\u00f3w na finansowanie projekt\u00f3w [&hellip;]<\/p>\n","protected":false},"author":1,"featured_media":4595,"parent":0,"menu_order":1,"comment_status":"closed","ping_status":"closed","template":"page-templates\/template-sub-page.php","meta":{"_acf_changed":false,"inline_featured_image":false,"footnotes":"","_links_to":"","_links_to_target":""},"class_list":["post-3668","page","type-page","status-publish","has-post-thumbnail","hentry"],"acf":[],"_links":{"self":[{"href":"https:\/\/nauka.uksw.edu.pl\/pl\/wp-json\/wp\/v2\/pages\/3668","targetHints":{"allow":["GET"]}}],"collection":[{"href":"https:\/\/nauka.uksw.edu.pl\/pl\/wp-json\/wp\/v2\/pages"}],"about":[{"href":"https:\/\/nauka.uksw.edu.pl\/pl\/wp-json\/wp\/v2\/types\/page"}],"author":[{"embeddable":true,"href":"https:\/\/nauka.uksw.edu.pl\/pl\/wp-json\/wp\/v2\/users\/1"}],"replies":[{"embeddable":true,"href":"https:\/\/nauka.uksw.edu.pl\/pl\/wp-json\/wp\/v2\/comments?post=3668"}],"version-history":[{"count":53,"href":"https:\/\/nauka.uksw.edu.pl\/pl\/wp-json\/wp\/v2\/pages\/3668\/revisions"}],"predecessor-version":[{"id":23156,"href":"https:\/\/nauka.uksw.edu.pl\/pl\/wp-json\/wp\/v2\/pages\/3668\/revisions\/23156"}],"wp:featuredmedia":[{"embeddable":true,"href":"https:\/\/nauka.uksw.edu.pl\/pl\/wp-json\/wp\/v2\/media\/4595"}],"wp:attachment":[{"href":"https:\/\/nauka.uksw.edu.pl\/pl\/wp-json\/wp\/v2\/media?parent=3668"}],"curies":[{"name":"wp","href":"https:\/\/api.w.org\/{rel}","templated":true}]}}