{"id":4105,"date":"2022-10-17T12:02:21","date_gmt":"2022-10-17T10:02:21","guid":{"rendered":"https:\/\/bbn.uksw.edu.pl\/?page_id=4105"},"modified":"2026-03-25T07:58:03","modified_gmt":"2026-03-25T06:58:03","slug":"otwarta-nauka","status":"publish","type":"page","link":"https:\/\/nauka.uksw.edu.pl\/otwarta-nauka\/","title":{"rendered":"Otwarta nauka"},"content":{"rendered":"\n<h2 class=\"wp-block-heading\">Program publikowania otwartego<\/h2>\n\n\n\n<p>UKSW bierze udzia\u0142 w Programie publikowania otwartego w wybranych czasopismach wydawanych przez Elsevier i Scopus. W jego ramach mo\u017cliwe jest uzyskanie pokrycia koszt\u00f3w wydania artyku\u0142u naukowego. <a href=\"https:\/\/biblioteka.uksw.edu.pl\/nauka\/program-publikowania-otwartego\/\">Szczeg\u00f3\u0142y Programu mo\u017cna znale\u017a\u0107 na stronie internetowej Biblioteki UKSW<\/a>.<\/p>\n\n\n\n<h2 class=\"wp-block-heading\">Instytucje finansuj\u0105ce<\/h2>\n\n\n\n<ul class=\"wp-block-list\">\n<li><a href=\"https:\/\/www.gov.pl\/web\/edukacja-i-nauka\/otwarty-dostep-do-publikacji-naukowych\">Ministerstwo Edukacji i Nauki wobec otwartej nauki<\/a><\/li>\n\n\n\n<li><a href=\"https:\/\/www.gov.pl\/attachment\/c47d37f9-eaab-4701-adce-84cf7585013e\">Polityka Naukowa Pa\u0144stwa (otwarta nauka od s. 41)<\/a><\/li>\n\n\n\n<li><a href=\"https:\/\/ncn.gov.pl\/aktualnosci\/2025-06-26-nowe-zasady-open-access-w-ncn\">Polityka otwartego dost\u0119pu Narodowego Centrum Nauki<\/a> (wersja z 26 czerwca 2025 r.)<\/li>\n\n\n\n<li><a href=\"https:\/\/ncn.gov.pl\/sites\/default\/files\/pliki\/pismo_ws_zlagodzenia_zapisow%20dotyczacych_polityki_oa_w_ncn.pdf\">Pismo w sprawie z\u0142agodzenia zapis\u00f3w dotycz\u0105cych &#8222;Polityki Narodowego Centrum Nauki dot. otwartego dost\u0119pu do publikacji\u201d<\/a> (wersja z 11 pa\u017adziernika 2023 r.)<\/li>\n\n\n\n<li><a href=\"http:\/\/isap.sejm.gov.pl\/isap.nsf\/DocDetails.xsp?id=WDU20210001641\">Ustawa z dnia 11 sierpnia 2021 r. o otwartych danych i ponownym wykorzystywaniu informacji sektora publicznego<\/a><\/li>\n\n\n\n<li><a href=\"https:\/\/eur-lex.europa.eu\/legal-content\/PL\/ALL\/?uri=CELEX%3A32019L1024\">Dyrektywa Parlamentu Europejskiego i Rady (UE) 2019\/1024 z dnia 20 czerwca 2019 r. w sprawie otwartych danych i ponownego wykorzystywania informacji sektora publicznego<\/a><\/li>\n\n\n\n<li><a href=\"https:\/\/unesdoc.unesco.org\/ark:\/48223\/pf0000379949.locale=en\">Rekomendacje UNESCO dotycz\u0105ce otwartej nauki<\/a><\/li>\n<\/ul>\n\n\n\n<h2 class=\"wp-block-heading\">Publikacje<\/h2>\n\n\n\r\n<div class=\"\">\r\n\r\n\r\n<div class=\"row\">\r\n\r\n  \r\n<div class=\"col-xl-12 col-lg-12 col-md-12 col-sm-12 \">\r\n\t\t<div class=\"download_detils\">\r\n\t\t\t<a href=\"https:\/\/nauka.uksw.edu.pl\/wp-content\/uploads\/sites\/14\/2022\/10\/Peter_Suber_Otwarty_dostep.pdf\"  target=\"_blank\" >\r\n\t\t\t<img decoding=\"async\" src=\"https:\/\/nauka.uksw.edu.pl\/wp-content\/themes\/uksw\/images\/import.svg\" alt=\"\"> Peter Sauber &#8211; Otwarty dost\u0119p [PDF,  1.37 MB]<\/a>\r\n\t\t<\/div>\r\n<\/div>\r\n\r\n\r\n\t\t\r\n<div class=\"col-xl-12 col-lg-12 col-md-12 col-sm-12 \">\r\n\t\t<div class=\"download_detils\">\r\n\t\t\t<a href=\"https:\/\/nauka.uksw.edu.pl\/wp-content\/uploads\/sites\/14\/2022\/10\/Krzysztof_Siewicz_Otwarty_dostep_do_publikacji_naukowych.pdf\"  target=\"_blank\" >\r\n\t\t\t<img decoding=\"async\" src=\"https:\/\/nauka.uksw.edu.pl\/wp-content\/themes\/uksw\/images\/import.svg\" alt=\"\"> Krzysztof Siewicz &#8211; Otwarty dost\u0119p do publikacji naukowych kwestie prawne [PDF,  0.86 MB]<\/a>\r\n\t\t<\/div>\r\n<\/div>\r\n\r\n\r\n\t\t\r\n\t\t \r\n\r\n<\/div>\r\n<\/div>\r\n<div class=\"space20\"><\/div>\r\n\r\n\n\n\n<h2 class=\"wp-block-heading\">Pomocne strony WWW<\/h2>\n\n\n\n<ul class=\"wp-block-list\">\n<li><a href=\"http:\/\/pon.edu.pl\/\">Platforma Otwartej Nauki<\/a><\/li>\n\n\n\n<li><a href=\"https:\/\/otwartanauka.pl\/\">Otwarta Nauka<\/a><\/li>\n\n\n\n<li><a href=\"https:\/\/www.coalition-s.org\/\">cOAlition S &#8211; Plan S<\/a><\/li>\n<\/ul>\n\n\n\n<h2 class=\"wp-block-heading\">Wyszukiwarki<\/h2>\n\n\n\n<ul class=\"wp-block-list\">\n<li><a href=\"https:\/\/journalcheckertool.org\/\">Journal Checker Tool<\/a><\/li>\n\n\n\n<li><a href=\"https:\/\/v2.sherpa.ac.uk\/romeo\/\">SHERPA\/RoMEO<\/a><\/li>\n\n\n\n<li><a href=\"https:\/\/doaj.org\/\">Directory of Open Access Journal<\/a><\/li>\n\n\n\n<li><a href=\"https:\/\/datasetsearch.research.google.com\/\">Google Dataset Search<\/a><\/li>\n\n\n\n<li><a href=\"https:\/\/data.mendeley.com\/\">Mendeley Data<\/a><\/li>\n<\/ul>\n\n\n\n<h2 class=\"wp-block-heading\">Otwarta Nauka w UKSW<\/h2>\n\n\n\r\n<div class=\"\">\r\n\r\n\r\n<div class=\"row\">\r\n\r\n  \r\n<div class=\"col-xl-12 col-lg-12 col-md-12 col-sm-12 \">\r\n\t\t<div class=\"download_detils\">\r\n\t\t\t<a href=\"https:\/\/nauka.uksw.edu.pl\/wp-content\/uploads\/sites\/14\/2022\/10\/raport_Realizacja_polityki_otwartego_dostepu_w_Uniwersytecie_Kardynala_Stefana_Wyszynskiego_w_Warszawie_w_2021_r.pdf\"  target=\"_blank\" >\r\n\t\t\t<img decoding=\"async\" src=\"https:\/\/nauka.uksw.edu.pl\/wp-content\/themes\/uksw\/images\/import.svg\" alt=\"\"> Raport &#8222;Realizacja polityki otwartego dost\u0119pu w Uniwersytecie Kardyna\u0142a\nStefana Wyszy\u0144skiego w Warszawie w 2021 r.&#8221; [PDF,  0.37 MB]<\/a>\r\n\t\t<\/div>\r\n<\/div>\r\n\r\n\r\n\t\t\r\n<div class=\"col-xl-12 col-lg-12 col-md-12 col-sm-12 \">\r\n\t\t<div class=\"download_detils\">\r\n\t\t\t<a href=\"https:\/\/nauka.uksw.edu.pl\/wp-content\/uploads\/sites\/14\/2023\/03\/raport_Realizacja_polityki_otwartego_dostepu_w_Uniwersytecie_Kardynala_Stefana_Wyszynskiego_w_Warszawie_w_2022_r.pdf\"  target=\"_blank\" >\r\n\t\t\t<img decoding=\"async\" src=\"https:\/\/nauka.uksw.edu.pl\/wp-content\/themes\/uksw\/images\/import.svg\" alt=\"\"> Raport &#8222;Realizacja polityki otwartego dost\u0119pu w Uniwersytecie Kardyna\u0142a\nStefana Wyszy\u0144skiego w Warszawie w 2022 r.&#8221; [PDF,  0.27 MB]<\/a>\r\n\t\t<\/div>\r\n<\/div>\r\n\r\n\r\n\t\t\r\n<div class=\"col-xl-12 col-lg-12 col-md-12 col-sm-12 \">\r\n\t\t<div class=\"download_detils\">\r\n\t\t\t<a href=\"https:\/\/nauka.uksw.edu.pl\/wp-content\/uploads\/sites\/14\/2024\/03\/raport_Realizacja_polityki_otwartego_dostepu_w_Uniwersytecie_Kardynala_Stefana_Wyszynskiego_w_Warszawie_w_2023_r.pdf\"  target=\"_blank\" >\r\n\t\t\t<img decoding=\"async\" src=\"https:\/\/nauka.uksw.edu.pl\/wp-content\/themes\/uksw\/images\/import.svg\" alt=\"\"> Raport &#8222;Realizacja polityki otwartego dost\u0119pu w Uniwersytecie Kardyna\u0142a\nStefana Wyszy\u0144skiego w Warszawie w 2023 r.&#8221; [PDF,  0.31 MB]<\/a>\r\n\t\t<\/div>\r\n<\/div>\r\n\r\n\r\n\t\t\r\n<div class=\"col-xl-12 col-lg-12 col-md-12 col-sm-12 \">\r\n\t\t<div class=\"download_detils\">\r\n\t\t\t<a href=\"https:\/\/nauka.uksw.edu.pl\/wp-content\/uploads\/sites\/14\/2025\/03\/raport_Realizacja_polityki_otwartego_dostepu_w_Uniwersytecie_Kardynala_Stefana_Wyszynskiego_w_Warszawie_w_2024_r.pdf\"  target=\"_blank\" >\r\n\t\t\t<img decoding=\"async\" src=\"https:\/\/nauka.uksw.edu.pl\/wp-content\/themes\/uksw\/images\/import.svg\" alt=\"\"> Raport &#8222;Realizacja polityki otwartego dost\u0119pu w Uniwersytecie Kardyna\u0142a\nStefana Wyszy\u0144skiego w Warszawie w 2024 r.&#8221; [PDF,  0.28 MB]<\/a>\r\n\t\t<\/div>\r\n<\/div>\r\n\r\n\r\n\t\t\r\n<div class=\"col-xl-12 col-lg-12 col-md-12 col-sm-12 \">\r\n\t\t<div class=\"download_detils\">\r\n\t\t\t<a href=\"https:\/\/nauka.uksw.edu.pl\/wp-content\/uploads\/sites\/14\/2026\/03\/raport_Realizacja_polityki_otwartego_dostepu_w_Uniwersytecie_Kardynala_Stefana_Wyszynskiego_w_Warszawie_w_2025_r.pdf\"  title=\"Raport \"Realizacja polityki otwartego dost\u0119pu w Uniwersytecie Kardyna\u0142a Stefana Wyszy\u0144skiego w Warszawie w 2025 r.\"\" download >\r\n\t\t\t<img decoding=\"async\" src=\"https:\/\/nauka.uksw.edu.pl\/wp-content\/themes\/uksw\/images\/import.svg\" alt=\"\"> Raport &#8222;Realizacja polityki otwartego dost\u0119pu w Uniwersytecie Kardyna\u0142a\nStefana Wyszy\u0144skiego w Warszawie w 2025 r.&#8221; [PDF,  0.37 MB]<\/a>\r\n\t\t<\/div>\r\n<\/div>\r\n\r\n\r\n\t\t\r\n\t\t \r\n\r\n<\/div>\r\n<\/div>\r\n<div class=\"space20\"><\/div>\r\n\r\n\n\n\n<h2 class=\"wp-block-heading\">Szkolenia<\/h2>\n\n\n\n<ul class=\"wp-block-list\">\n<li><a href=\"https:\/\/navoica.pl\/courses\/course-v1:UniwersytetWarszawski+RDM_03+2023_01\/about\" target=\"_blank\" rel=\"noreferrer noopener\">Zarz\u0105dzanie danymi badawczymi dla naukowc\u00f3w &#8211; kurs podstawowy<\/a><\/li>\n\n\n\n<li><a href=\"https:\/\/navoica.pl\/courses\/course-v1:UniwersytetWarszawski+RDM_04+2023_01\/about\" target=\"_blank\" rel=\"noreferrer noopener\">Zarz\u0105dzanie danymi badawczymi dla naukowc\u00f3w &#8211; kurs \u015brednio zaawansowany<\/a><\/li>\n<\/ul>\n\n\n\n<figure class=\"wp-block-embed is-type-video is-provider-youtube wp-block-embed-youtube wp-embed-aspect-16-9 wp-has-aspect-ratio\"><div class=\"wp-block-embed__wrapper\">\n<iframe loading=\"lazy\" title=\"10-lecie NCN, konferencja w Mi\u0119dzynarodowym Centrum Kultury\" width=\"640\" height=\"360\" src=\"https:\/\/www.youtube.com\/embed\/V6LWQJzfxqI?feature=oembed\" frameborder=\"0\" allow=\"accelerometer; autoplay; clipboard-write; encrypted-media; gyroscope; picture-in-picture; web-share\" referrerpolicy=\"strict-origin-when-cross-origin\" allowfullscreen><\/iframe>\n<\/div><\/figure>\n\n\n\n<figure class=\"wp-block-embed is-type-video is-provider-youtube wp-block-embed-youtube wp-embed-aspect-16-9 wp-has-aspect-ratio\"><div class=\"wp-block-embed__wrapper\">\n<iframe loading=\"lazy\" title=\"&quot;Udost\u0119pnia\u0107 czy nie udost\u0119pnia\u0107? Rozwa\u017cania w kontek\u015bcie Ustawy o otwartych danych&quot; cz. 1\" width=\"640\" height=\"360\" src=\"https:\/\/www.youtube.com\/embed\/PHlWooVQjiQ?feature=oembed\" frameborder=\"0\" allow=\"accelerometer; autoplay; clipboard-write; encrypted-media; gyroscope; picture-in-picture; web-share\" referrerpolicy=\"strict-origin-when-cross-origin\" allowfullscreen><\/iframe>\n<\/div><\/figure>\n\n\n\n<figure class=\"wp-block-embed is-type-video is-provider-youtube wp-block-embed-youtube wp-embed-aspect-16-9 wp-has-aspect-ratio\"><div class=\"wp-block-embed__wrapper\">\n<iframe loading=\"lazy\" title=\"&quot;Udost\u0119pnia\u0107 czy nie udost\u0119pnia\u0107? Rozwa\u017cania w kontek\u015bcie Ustawy o otwartych danych&quot; Cz\u0119\u015b\u0107 II\" width=\"640\" height=\"360\" src=\"https:\/\/www.youtube.com\/embed\/RjLcQuuBGLQ?feature=oembed\" frameborder=\"0\" allow=\"accelerometer; autoplay; clipboard-write; encrypted-media; gyroscope; picture-in-picture; web-share\" referrerpolicy=\"strict-origin-when-cross-origin\" allowfullscreen><\/iframe>\n<\/div><\/figure>\n\n\n\n<figure class=\"wp-block-embed is-type-video is-provider-youtube wp-block-embed-youtube wp-embed-aspect-16-9 wp-has-aspect-ratio\"><div class=\"wp-block-embed__wrapper\">\n<iframe loading=\"lazy\" title=\"Otwarty dost\u0119p do publikacji jako element polityki naukowej w Polsce  - stan obecny i perspektywy\" width=\"640\" height=\"360\" src=\"https:\/\/www.youtube.com\/embed\/KnLmhoKThBg?feature=oembed\" frameborder=\"0\" allow=\"accelerometer; autoplay; clipboard-write; encrypted-media; gyroscope; picture-in-picture; web-share\" referrerpolicy=\"strict-origin-when-cross-origin\" allowfullscreen><\/iframe>\n<\/div><\/figure>\n","protected":false},"excerpt":{"rendered":"<p>Program publikowania otwartego UKSW bierze udzia\u0142 w Programie publikowania otwartego w wybranych czasopismach wydawanych przez Elsevier i Scopus. W jego ramach mo\u017cliwe jest uzyskanie pokrycia koszt\u00f3w wydania artyku\u0142u naukowego. Szczeg\u00f3\u0142y Programu mo\u017cna znale\u017a\u0107 na stronie internetowej Biblioteki UKSW. Instytucje finansuj\u0105ce Publikacje Pomocne strony WWW Wyszukiwarki Otwarta Nauka w UKSW Szkolenia<\/p>\n","protected":false},"author":1,"featured_media":4629,"parent":0,"menu_order":0,"comment_status":"closed","ping_status":"closed","template":"page-templates\/template-sub-page.php","meta":{"_acf_changed":false,"inline_featured_image":false,"footnotes":"","_links_to":"","_links_to_target":""},"class_list":["post-4105","page","type-page","status-publish","has-post-thumbnail","hentry"],"acf":[],"_links":{"self":[{"href":"https:\/\/nauka.uksw.edu.pl\/pl\/wp-json\/wp\/v2\/pages\/4105","targetHints":{"allow":["GET"]}}],"collection":[{"href":"https:\/\/nauka.uksw.edu.pl\/pl\/wp-json\/wp\/v2\/pages"}],"about":[{"href":"https:\/\/nauka.uksw.edu.pl\/pl\/wp-json\/wp\/v2\/types\/page"}],"author":[{"embeddable":true,"href":"https:\/\/nauka.uksw.edu.pl\/pl\/wp-json\/wp\/v2\/users\/1"}],"replies":[{"embeddable":true,"href":"https:\/\/nauka.uksw.edu.pl\/pl\/wp-json\/wp\/v2\/comments?post=4105"}],"version-history":[{"count":21,"href":"https:\/\/nauka.uksw.edu.pl\/pl\/wp-json\/wp\/v2\/pages\/4105\/revisions"}],"predecessor-version":[{"id":23425,"href":"https:\/\/nauka.uksw.edu.pl\/pl\/wp-json\/wp\/v2\/pages\/4105\/revisions\/23425"}],"wp:featuredmedia":[{"embeddable":true,"href":"https:\/\/nauka.uksw.edu.pl\/pl\/wp-json\/wp\/v2\/media\/4629"}],"wp:attachment":[{"href":"https:\/\/nauka.uksw.edu.pl\/pl\/wp-json\/wp\/v2\/media?parent=4105"}],"curies":[{"name":"wp","href":"https:\/\/api.w.org\/{rel}","templated":true}]}}