{"id":4213,"date":"2022-10-18T12:12:08","date_gmt":"2022-10-18T10:12:08","guid":{"rendered":"https:\/\/bbn.uksw.edu.pl\/?page_id=4213"},"modified":"2024-01-10T07:25:28","modified_gmt":"2024-01-10T06:25:28","slug":"rozliczanie-delegacji","status":"publish","type":"page","link":"https:\/\/nauka.uksw.edu.pl\/formularze\/rozliczanie-delegacji\/","title":{"rendered":"Rozliczanie delegacji"},"content":{"rendered":"\n<p>W poni\u017cszych wnioskach osoba delegowana na wyjazd s\u0142u\u017cbowy wype\u0142nia tylko pola, kt\u00f3re w przyk\u0142adowo wype\u0142nionych wnioskach, wype\u0142niono kolorem&nbsp;<strong>czerwonym<\/strong>. Pozosta\u0142e pola powinny pozosta\u0107 puste. Wype\u0142nione wnioski powinny zosta\u0107 z\u0142o\u017cone w Biurze ds. Bada\u0144 Naukowych do&nbsp;<strong>7 dni&nbsp;<\/strong>po powrocie z podr\u00f3\u017cy s\u0142u\u017cbowej.<\/p>\n\n\n\n<p><a href=\"https:\/\/bbn.uksw.edu.pl\/\/wp-content\/uploads\/sites\/14\/2022\/10\/zarzadzenie_2_10-1.pdf\" data-type=\"URL\" data-id=\"https:\/\/bbn.uksw.edu.pl\/\/wp-content\/uploads\/sites\/14\/2022\/10\/zarzadzenie_2_10-1.pdf\">Zarz\u0105dzenie w sprawie diet i innych nale\u017cno\u015bci za czas podr\u00f3\u017cy odbywanych w celu realizacji zada\u0144 Uniwersytetu Kardyna\u0142a Stefana Wyszy\u0144skiego w Warszawie<\/a><\/p>\n\n\n\n<p>Polecenie wyjazdu s\u0142u\u017cbowego:<\/p>\n\n\n\n<ul class=\"wp-block-list\">\n<li><a href=\"https:\/\/bbn.uksw.edu.pl\/\/wp-content\/uploads\/sites\/14\/2022\/10\/zal_1_do_z_2_10.pdf\" data-type=\"URL\" data-id=\"https:\/\/bbn.uksw.edu.pl\/\/wp-content\/uploads\/sites\/14\/2022\/10\/zal_1_do_z_2_10.pdf\">wniosek<\/a><\/li>\n\n\n\n<li>przyk\u0142ad wype\u0142nienia wniosku &#8211;&nbsp;<a href=\"https:\/\/bbn.uksw.edu.pl\/sites\/default\/files\/zal_1_do_z_2_10_wypelnione.jpg\" data-type=\"URL\" data-id=\"https:\/\/bbn.uksw.edu.pl\/sites\/default\/files\/zal_1_do_z_2_10_wypelnione.jpg\">1. strona<\/a>,&nbsp;<a href=\"https:\/\/bbn.uksw.edu.pl\/\/wp-content\/uploads\/sites\/14\/2022\/10\/zal_1_do_z_2_10_wypelnione.jpg\" data-type=\"URL\" data-id=\"https:\/\/bbn.uksw.edu.pl\/\/wp-content\/uploads\/sites\/14\/2022\/10\/zal_1_do_z_2_10_wypelnione.jpg\">2. strona<\/a><\/li>\n<\/ul>\n\n\n\n<p>Polecenie wyjazdu s\u0142u\u017cbowego za granic\u0119:<\/p>\n\n\n\n<ul class=\"wp-block-list\">\n<li><a href=\"https:\/\/bbn.uksw.edu.pl\/\/wp-content\/uploads\/sites\/14\/2022\/10\/zal_2_do_z_2_10.pdf\" data-type=\"URL\" data-id=\"https:\/\/bbn.uksw.edu.pl\/\/wp-content\/uploads\/sites\/14\/2022\/10\/zal_2_do_z_2_10.pdf\">wniosek<\/a><\/li>\n\n\n\n<li><a href=\"https:\/\/bbn.uksw.edu.pl\/\/wp-content\/uploads\/sites\/14\/2022\/10\/zal_2_do_z_2_10_wypelnione.jpg\" data-type=\"URL\" data-id=\"https:\/\/bbn.uksw.edu.pl\/\/wp-content\/uploads\/sites\/14\/2022\/10\/zal_2_do_z_2_10_wypelnione.jpg\">przyk\u0142ad wype\u0142nienia wniosku<\/a><\/li>\n<\/ul>\n\n\n\n<p>Polecenie wyjazdu s\u0142u\u017cbowego dla doktorant\u00f3w i os\u00f3b nie b\u0119d\u0105cych pracownikami UKSW:<\/p>\n\n\n\n<ul class=\"wp-block-list\">\n<li><a href=\"https:\/\/bbn.uksw.edu.pl\/\/wp-content\/uploads\/sites\/14\/2022\/10\/zal_9_do_z_2_10.pdf\" data-type=\"URL\" data-id=\"https:\/\/bbn.uksw.edu.pl\/\/wp-content\/uploads\/sites\/14\/2022\/10\/zal_9_do_z_2_10.pdf\">wniosek<\/a><\/li>\n<\/ul>\n\n\n\n<p>Ewidencja przebiegu pojazdu:<\/p>\n\n\n\n<ul class=\"wp-block-list\">\n<li><a href=\"https:\/\/bbn.uksw.edu.pl\/\/wp-content\/uploads\/sites\/14\/2022\/10\/zal_3_do_z_2_10.pdf\" data-type=\"URL\" data-id=\"https:\/\/bbn.uksw.edu.pl\/\/wp-content\/uploads\/sites\/14\/2022\/10\/zal_3_do_z_2_10.pdf\">wniosek<\/a><\/li>\n\n\n\n<li><a href=\"https:\/\/bbn.uksw.edu.pl\/\/wp-content\/uploads\/sites\/14\/2022\/10\/zal_3_do_z_2_10_wypelnione.jpg\" data-type=\"URL\" data-id=\"https:\/\/bbn.uksw.edu.pl\/\/wp-content\/uploads\/sites\/14\/2022\/10\/zal_3_do_z_2_10_wypelnione.jpg\">przyk\u0142ad wype\u0142nienia wniosku<\/a><\/li>\n<\/ul>\n\n\n\n<p>Rozliczenie koszt\u00f3w zagranicznej podr\u00f3\u017cy s\u0142u\u017cbowej:<\/p>\n\n\n\n<ul class=\"wp-block-list\">\n<li><a href=\"https:\/\/bbn.uksw.edu.pl\/\/wp-content\/uploads\/sites\/14\/2022\/10\/zal_7_do_z_2_10.pdf\" data-type=\"URL\" data-id=\"https:\/\/bbn.uksw.edu.pl\/\/wp-content\/uploads\/sites\/14\/2022\/10\/zal_7_do_z_2_10.pdf\">wniosek<\/a><\/li>\n\n\n\n<li>przyk\u0142ad wype\u0142nienia wniosku &#8211;&nbsp;<a href=\"https:\/\/bbn.uksw.edu.pl\/\/wp-content\/uploads\/sites\/14\/2022\/10\/zal_7_do_z_2_10_wypelnione.jpg\" data-type=\"URL\" data-id=\"https:\/\/bbn.uksw.edu.pl\/\/wp-content\/uploads\/sites\/14\/2022\/10\/zal_7_do_z_2_10_wypelnione.jpg\">1. strona<\/a>,&nbsp;<a href=\"https:\/\/bbn.uksw.edu.pl\/\/wp-content\/uploads\/sites\/14\/2022\/10\/zal_7_do_z_2_10_wypelnione2.jpg\" data-type=\"URL\" data-id=\"https:\/\/bbn.uksw.edu.pl\/\/wp-content\/uploads\/sites\/14\/2022\/10\/zal_7_do_z_2_10_wypelnione2.jpg\">2. strona<\/a><\/li>\n<\/ul>\n\n\n\n<p>Jednocze\u015bnie przypominamy, \u017ce\u00a0\u00a7 18 ust. 2 Zarz\u0105dzenia Nr\u00a046\/2023 wprowadzi\u0142 zmian\u0119 w\u00a0zakresie realizacji zagranicznych wyjazd\u00f3w w\u00a0celach badawczych finansowanych ze \u015brodk\u00f3w UKSW:  <\/p>\n\n\n\n<p><em>Wyjazdy w&nbsp;ramach delegacji krajowych i&nbsp;zagranicznych realizowane przez&nbsp;dziekan\u00f3w i&nbsp;dyrektor\u00f3w instytut\u00f3w oraz&nbsp;wszystkie wyjazdy w&nbsp;ramach delegacji zagranicznych \u2013 z&nbsp;wy\u0142\u0105czeniem kraj\u00f3w europejskich oraz&nbsp;Izraela \u2013 realizowane s\u0105&nbsp;na&nbsp;podstawie polecenia wyjazdu s\u0142u\u017cbowego podpisanego przez&nbsp;prorektora, z&nbsp;zastrze\u017ceniem ust. 4, i&nbsp;opisanego w&nbsp;BBN w&nbsp;celu potwierdzenia otrzymanego dofinansowania, a&nbsp;w&nbsp;przypadku os\u00f3b nieb\u0119d\u0105cych pracownikami UKSW na&nbsp;podstawie umowy w&nbsp;sprawie odbycia podr\u00f3\u017cy s\u0142u\u017cbowej.<\/em><\/p>\n\n\n\n<p>W&nbsp;celu realizacji wyjazdu do&nbsp;kraj\u00f3w spoza wymienionej powy\u017cej listy \u2013 osoba delegowana musi za&nbsp;po\u015brednictwem Dyrektora Instytutu z\u0142o\u017cy\u0107 podanie z&nbsp;pro\u015bb\u0105 o&nbsp;zgod\u0119 na&nbsp;wyjazd do&nbsp;Prorektora w\u0142a\u015bciwego ds.&nbsp;nauki. Podania musz\u0105 by\u0107 sk\u0142adane przed&nbsp;rozpocz\u0119ciem wyjazdu w&nbsp;terminie, kt\u00f3ry&nbsp;umo\u017cliwi Prorektorowi w\u0142a\u015bciwemu ds.&nbsp;nauki rozpatrzenie sprawy.<\/p>\n","protected":false},"excerpt":{"rendered":"<p>W poni\u017cszych wnioskach osoba delegowana na wyjazd s\u0142u\u017cbowy wype\u0142nia tylko pola, kt\u00f3re w przyk\u0142adowo wype\u0142nionych wnioskach, wype\u0142niono kolorem&nbsp;czerwonym. Pozosta\u0142e pola powinny pozosta\u0107 puste. Wype\u0142nione wnioski powinny zosta\u0107 z\u0142o\u017cone w Biurze ds. Bada\u0144 Naukowych do&nbsp;7 dni&nbsp;po powrocie z podr\u00f3\u017cy s\u0142u\u017cbowej. Zarz\u0105dzenie w sprawie diet i innych nale\u017cno\u015bci za czas podr\u00f3\u017cy odbywanych w celu realizacji zada\u0144 Uniwersytetu [&hellip;]<\/p>\n","protected":false},"author":1,"featured_media":4634,"parent":3361,"menu_order":2,"comment_status":"closed","ping_status":"closed","template":"page-templates\/template-sub-page.php","meta":{"_acf_changed":false,"inline_featured_image":false,"footnotes":"","_links_to":"","_links_to_target":""},"class_list":["post-4213","page","type-page","status-publish","has-post-thumbnail","hentry"],"acf":[],"_links":{"self":[{"href":"https:\/\/nauka.uksw.edu.pl\/pl\/wp-json\/wp\/v2\/pages\/4213","targetHints":{"allow":["GET"]}}],"collection":[{"href":"https:\/\/nauka.uksw.edu.pl\/pl\/wp-json\/wp\/v2\/pages"}],"about":[{"href":"https:\/\/nauka.uksw.edu.pl\/pl\/wp-json\/wp\/v2\/types\/page"}],"author":[{"embeddable":true,"href":"https:\/\/nauka.uksw.edu.pl\/pl\/wp-json\/wp\/v2\/users\/1"}],"replies":[{"embeddable":true,"href":"https:\/\/nauka.uksw.edu.pl\/pl\/wp-json\/wp\/v2\/comments?post=4213"}],"version-history":[{"count":6,"href":"https:\/\/nauka.uksw.edu.pl\/pl\/wp-json\/wp\/v2\/pages\/4213\/revisions"}],"predecessor-version":[{"id":22486,"href":"https:\/\/nauka.uksw.edu.pl\/pl\/wp-json\/wp\/v2\/pages\/4213\/revisions\/22486"}],"up":[{"embeddable":true,"href":"https:\/\/nauka.uksw.edu.pl\/pl\/wp-json\/wp\/v2\/pages\/3361"}],"wp:featuredmedia":[{"embeddable":true,"href":"https:\/\/nauka.uksw.edu.pl\/pl\/wp-json\/wp\/v2\/media\/4634"}],"wp:attachment":[{"href":"https:\/\/nauka.uksw.edu.pl\/pl\/wp-json\/wp\/v2\/media?parent=4213"}],"curies":[{"name":"wp","href":"https:\/\/api.w.org\/{rel}","templated":true}]}}